{"id":3181,"date":"2021-10-13T15:32:25","date_gmt":"2021-10-13T13:32:25","guid":{"rendered":"https:\/\/laundry-consultancy.com\/laundry-consultant-aarnink\/"},"modified":"2021-12-16T14:06:51","modified_gmt":"2021-12-16T13:06:51","slug":"laundry-consultant-aarnink","status":"publish","type":"page","link":"https:\/\/laundry-consultancy.com\/de\/","title":{"rendered":"Commercial Laundry Consultant Redmer Aarnink"},"content":{"rendered":"\t\t<div data-elementor-type=\"wp-page\" data-elementor-id=\"3181\" class=\"elementor elementor-3181 elementor-7\" data-elementor-post-type=\"page\">\n\t\t\t\t\t\t<section class=\"elementor-section elementor-top-section elementor-element elementor-element-537eead0 elementor-section-full_width elementor-section-height-default elementor-section-height-default\" data-id=\"537eead0\" data-element_type=\"section\" data-e-type=\"section\" data-settings=\"{&quot;background_background&quot;:&quot;classic&quot;}\">\n\t\t\t\t\t\t\t<div class=\"elementor-background-overlay\"><\/div>\n\t\t\t\t\t\t\t<div class=\"elementor-container elementor-column-gap-default\">\n\t\t\t\t\t<div class=\"elementor-column elementor-col-100 elementor-top-column elementor-element elementor-element-4a8f7c31\" data-id=\"4a8f7c31\" data-element_type=\"column\" data-e-type=\"column\" data-settings=\"{&quot;background_background&quot;:&quot;classic&quot;}\">\n\t\t\t<div class=\"elementor-widget-wrap elementor-element-populated\">\n\t\t\t\t\t\t<div class=\"elementor-element elementor-element-953e5da elementor-widget elementor-widget-text-editor\" data-id=\"953e5da\" data-element_type=\"widget\" data-e-type=\"widget\" data-widget_type=\"text-editor.default\">\n\t\t\t\t<div class=\"elementor-widget-container\">\n\t\t\t\t\t\t\t\t\t<p>Probleme sind keine Stoppschilder, sondern Richtlinien<\/p>\t\t\t\t\t\t\t\t<\/div>\n\t\t\t\t<\/div>\n\t\t\t\t\t<\/div>\n\t\t<\/div>\n\t\t\t\t\t<\/div>\n\t\t<\/section>\n\t\t\t\t<section class=\"elementor-section elementor-top-section elementor-element elementor-element-283698fc elementor-section-boxed elementor-section-height-default elementor-section-height-default\" data-id=\"283698fc\" data-element_type=\"section\" data-e-type=\"section\">\n\t\t\t\t\t\t<div class=\"elementor-container elementor-column-gap-default\">\n\t\t\t\t\t<div class=\"elementor-column elementor-col-100 elementor-top-column elementor-element elementor-element-23f873f9\" data-id=\"23f873f9\" data-element_type=\"column\" data-e-type=\"column\">\n\t\t\t<div class=\"elementor-widget-wrap elementor-element-populated\">\n\t\t\t\t\t\t<div class=\"elementor-element elementor-element-6ce42c6f elementor-widget elementor-widget-heading\" data-id=\"6ce42c6f\" data-element_type=\"widget\" data-e-type=\"widget\" data-widget_type=\"heading.default\">\n\t\t\t\t<div class=\"elementor-widget-container\">\n\t\t\t\t\t<h1 class=\"elementor-heading-title elementor-size-default\">Willkommen bei der W\u00e4schereiberatung Aarnink Laundry Consultancy<\/h1>\t\t\t\t<\/div>\n\t\t\t\t<\/div>\n\t\t\t\t\t<\/div>\n\t\t<\/div>\n\t\t\t\t\t<\/div>\n\t\t<\/section>\n\t\t\t\t<section class=\"elementor-section elementor-top-section elementor-element elementor-element-f123cb6 elementor-section-boxed elementor-section-height-default elementor-section-height-default\" data-id=\"f123cb6\" data-element_type=\"section\" data-e-type=\"section\">\n\t\t\t\t\t\t<div class=\"elementor-container elementor-column-gap-default\">\n\t\t\t\t\t<div class=\"elementor-column elementor-col-100 elementor-top-column elementor-element elementor-element-fc46d37\" data-id=\"fc46d37\" data-element_type=\"column\" data-e-type=\"column\">\n\t\t\t<div class=\"elementor-widget-wrap elementor-element-populated\">\n\t\t\t\t\t\t<div class=\"elementor-element elementor-element-b8d0940 elementor-widget elementor-widget-text-editor\" data-id=\"b8d0940\" data-element_type=\"widget\" data-e-type=\"widget\" data-widget_type=\"text-editor.default\">\n\t\t\t\t<div class=\"elementor-widget-container\">\n\t\t\t\t\t\t\t\t\t<p style=\"text-align: center;\">Wir sind spezialisiert auf W\u00e4schereibetriebe, -prozesse und deren wirtschaftliche Wirksamkeit.<\/p>\t\t\t\t\t\t\t\t<\/div>\n\t\t\t\t<\/div>\n\t\t\t\t\t<\/div>\n\t\t<\/div>\n\t\t\t\t\t<\/div>\n\t\t<\/section>\n\t\t\t\t<section class=\"elementor-section elementor-top-section elementor-element elementor-element-935a37d elementor-section-boxed elementor-section-height-default elementor-section-height-default\" data-id=\"935a37d\" data-element_type=\"section\" data-e-type=\"section\">\n\t\t\t\t\t\t<div class=\"elementor-container elementor-column-gap-default\">\n\t\t\t\t\t<div class=\"elementor-column elementor-col-100 elementor-top-column elementor-element elementor-element-55c0ed2\" data-id=\"55c0ed2\" data-element_type=\"column\" data-e-type=\"column\">\n\t\t\t<div class=\"elementor-widget-wrap elementor-element-populated\">\n\t\t\t\t\t\t<div class=\"elementor-element elementor-element-d93a98b elementor-widget elementor-widget-text-editor\" data-id=\"d93a98b\" data-element_type=\"widget\" data-e-type=\"widget\" data-widget_type=\"text-editor.default\">\n\t\t\t\t<div class=\"elementor-widget-container\">\n\t\t\t\t\t\t\t\t\t<h2 style=\"text-align: center;\">Think profit first!<\/h2>\t\t\t\t\t\t\t\t<\/div>\n\t\t\t\t<\/div>\n\t\t\t\t\t<\/div>\n\t\t<\/div>\n\t\t\t\t\t<\/div>\n\t\t<\/section>\n\t\t\t\t<section class=\"elementor-section elementor-top-section elementor-element elementor-element-5f9a53b elementor-section-boxed elementor-section-height-default elementor-section-height-default\" data-id=\"5f9a53b\" data-element_type=\"section\" data-e-type=\"section\">\n\t\t\t\t\t\t<div class=\"elementor-container elementor-column-gap-default\">\n\t\t\t\t\t<div class=\"elementor-column elementor-col-100 elementor-top-column elementor-element elementor-element-8af2b7a\" data-id=\"8af2b7a\" data-element_type=\"column\" data-e-type=\"column\">\n\t\t\t<div class=\"elementor-widget-wrap elementor-element-populated\">\n\t\t\t\t\t\t<div class=\"elementor-element elementor-element-49c7ca3 elementor-widget elementor-widget-text-editor\" data-id=\"49c7ca3\" data-element_type=\"widget\" data-e-type=\"widget\" data-widget_type=\"text-editor.default\">\n\t\t\t\t<div class=\"elementor-widget-container\">\n\t\t\t\t\t\t\t\t\t<p>Fragen Sie sich, wie Ihr Unternehmen Gewinn generiert und wie Sie h\u00f6here Gewinne erzielen k\u00f6nnen?<span style=\"color: var( --e-global-color-text ); font-family: var( --e-global-typography-text-font-family ), Sans-serif; font-weight: var( --e-global-typography-text-font-weight );\">\u00a0<\/span><\/p><p>Fragen Sie sich, wo Prozesse scheitern?<\/p><p>Lassen Sie mich Sie bei der Beantwortung dieser Fragen unterst\u00fctzen.<\/p>\t\t\t\t\t\t\t\t<\/div>\n\t\t\t\t<\/div>\n\t\t\t\t\t<\/div>\n\t\t<\/div>\n\t\t\t\t\t<\/div>\n\t\t<\/section>\n\t\t\t\t<section class=\"elementor-section elementor-top-section elementor-element elementor-element-8d8ad21 elementor-section-content-middle elementor-section-boxed elementor-section-height-default elementor-section-height-default\" data-id=\"8d8ad21\" data-element_type=\"section\" data-e-type=\"section\">\n\t\t\t\t\t\t<div class=\"elementor-container elementor-column-gap-default\">\n\t\t\t\t\t<div class=\"elementor-column elementor-col-50 elementor-top-column elementor-element elementor-element-fcfe6df\" data-id=\"fcfe6df\" data-element_type=\"column\" data-e-type=\"column\" data-settings=\"{&quot;background_background&quot;:&quot;classic&quot;}\">\n\t\t\t<div class=\"elementor-widget-wrap\">\n\t\t\t\t\t\t\t<\/div>\n\t\t<\/div>\n\t\t\t\t<div class=\"elementor-column elementor-col-50 elementor-top-column elementor-element elementor-element-60296da\" data-id=\"60296da\" data-element_type=\"column\" data-e-type=\"column\">\n\t\t\t<div class=\"elementor-widget-wrap elementor-element-populated\">\n\t\t\t\t\t\t<div class=\"elementor-element elementor-element-ebfa8d8 elementor-widget elementor-widget-text-editor\" data-id=\"ebfa8d8\" data-element_type=\"widget\" data-e-type=\"widget\" data-widget_type=\"text-editor.default\">\n\t\t\t\t<div class=\"elementor-widget-container\">\n\t\t\t\t\t\t\t\t\t<h2>\u00dcber Redmer Aarnink<\/h2><p>W\u00e4hrend meiner Kindheit entwickelte ich aufgrund meines Engagements im W\u00e4schereiunternehmen von meiner Familie eine\u00a0ausgepr\u00e4gte Leidenschaft f\u00fcr die Textilreinigungsbranche.<\/p><p>Als Berater identifiziere ich Verbesserungspotenziale in Ihrem Unternehmen anhand branchenspezifischer Kennzahlen wie: Umsatz, Kundenrentabilit\u00e4t, Produktivit\u00e4t, interne Logistik, Leasing, Energie- und Transportkosten und erstelle die besten L\u00f6sungen bei Erweiterung, Optimierung oder Neubau einer W\u00e4scherei.<\/p><p>Es mag wie ein einfacher Schritt erscheinen, Ratschl\u00e4ge zu Goodhousekeeping zu geben, jedoch gibt es einen gro\u00dfen Unterschied zum Ansatz von ALC (Aarnink Laundry Consultancy).<\/p><p>Ich werde das Programm oder die L\u00f6sungen nicht nur entwerfen, sondern auch in die Praxis umsetzen. Ich begleite Sie aktiv durch den Prozess zur Verbesserung Ihres Unternehmens.<\/p><p>Gemeinsam k\u00f6nnen wir einen Unterschied erreichen.<\/p>\t\t\t\t\t\t\t\t<\/div>\n\t\t\t\t<\/div>\n\t\t\t\t<div class=\"elementor-element elementor-element-2d5ad37 elementor-widget elementor-widget-text-editor\" data-id=\"2d5ad37\" data-element_type=\"widget\" data-e-type=\"widget\" data-widget_type=\"text-editor.default\">\n\t\t\t\t<div class=\"elementor-widget-container\">\n\t\t\t\t\t\t\t\t\t<p>Beginnen wir mit der Optimierung!<\/p>\t\t\t\t\t\t\t\t<\/div>\n\t\t\t\t<\/div>\n\t\t\t\t\t<\/div>\n\t\t<\/div>\n\t\t\t\t\t<\/div>\n\t\t<\/section>\n\t\t\t\t<\/div>\n\t\t","protected":false},"excerpt":{"rendered":"<p>Probleme sind keine Stoppschilder, sondern Richtlinien Willkommen bei der W\u00e4schereiberatung Aarnink Laundry Consultancy Wir sind spezialisiert auf W\u00e4schereibetriebe, -prozesse und deren wirtschaftliche Wirksamkeit. Think profit first! Fragen Sie sich, wie Ihr Unternehmen Gewinn generiert und wie Sie h\u00f6here Gewinne erzielen k\u00f6nnen? Fragen Sie sich, wo Prozesse scheitern? Lassen Sie mich Sie bei der Beantwortung dieser [&hellip;]<\/p>\n","protected":false},"author":1,"featured_media":0,"parent":0,"menu_order":1,"comment_status":"closed","ping_status":"closed","template":"","meta":{"footnotes":""},"class_list":["post-3181","page","type-page","status-publish","hentry"],"yoast_head":"<!-- This site is optimized with the Yoast SEO plugin v27.4 - https:\/\/yoast.com\/product\/yoast-seo-wordpress\/ -->\n<title>Commercial Laundry Consultant Redmer Aarnink<\/title>\n<meta name=\"description\" content=\"Aarnink Laundry Consultancy - laundry consultant to the commercial &amp; industrial laundry industry. Expert in operations, processes and profit!\" \/>\n<meta name=\"robots\" content=\"index, follow, max-snippet:-1, max-image-preview:large, max-video-preview:-1\" \/>\n<link rel=\"canonical\" href=\"https:\/\/laundry-consultancy.com\/de\/\" \/>\n<meta property=\"og:locale\" content=\"de_DE\" \/>\n<meta property=\"og:type\" content=\"article\" \/>\n<meta property=\"og:title\" content=\"Commercial Laundry Consultant Redmer Aarnink\" \/>\n<meta property=\"og:description\" content=\"Aarnink Laundry Consultancy - laundry consultant to the commercial &amp; industrial laundry industry. Expert in operations, processes and profit!\" \/>\n<meta property=\"og:url\" content=\"https:\/\/laundry-consultancy.com\/de\/\" \/>\n<meta property=\"og:site_name\" content=\"Aarnink Laundry Consultancy\" \/>\n<meta property=\"article:modified_time\" content=\"2021-12-16T13:06:51+00:00\" \/>\n<meta name=\"twitter:card\" content=\"summary_large_image\" \/>\n<meta name=\"twitter:label1\" content=\"Gesch\u00e4tzte Lesezeit\" \/>\n\t<meta name=\"twitter:data1\" content=\"1\u00a0Minute\" \/>\n<script type=\"application\/ld+json\" class=\"yoast-schema-graph\">{\"@context\":\"https:\\\/\\\/schema.org\",\"@graph\":[{\"@type\":\"WebPage\",\"@id\":\"https:\\\/\\\/laundry-consultancy.com\\\/de\\\/\",\"url\":\"https:\\\/\\\/laundry-consultancy.com\\\/de\\\/\",\"name\":\"Commercial Laundry Consultant Redmer Aarnink\",\"isPartOf\":{\"@id\":\"https:\\\/\\\/laundry-consultancy.com\\\/#website\"},\"datePublished\":\"2021-10-13T13:32:25+00:00\",\"dateModified\":\"2021-12-16T13:06:51+00:00\",\"description\":\"Aarnink Laundry Consultancy - laundry consultant to the commercial & industrial laundry industry. Expert in operations, processes and profit!\",\"breadcrumb\":{\"@id\":\"https:\\\/\\\/laundry-consultancy.com\\\/de\\\/#breadcrumb\"},\"inLanguage\":\"de\",\"potentialAction\":[{\"@type\":\"ReadAction\",\"target\":[\"https:\\\/\\\/laundry-consultancy.com\\\/de\\\/\"]}]},{\"@type\":\"BreadcrumbList\",\"@id\":\"https:\\\/\\\/laundry-consultancy.com\\\/de\\\/#breadcrumb\",\"itemListElement\":[{\"@type\":\"ListItem\",\"position\":1,\"name\":\"Home\",\"item\":\"https:\\\/\\\/laundry-consultancy.com\\\/de\\\/\"},{\"@type\":\"ListItem\",\"position\":2,\"name\":\"Commercial Laundry Consultant Redmer Aarnink\"}]},{\"@type\":\"WebSite\",\"@id\":\"https:\\\/\\\/laundry-consultancy.com\\\/#website\",\"url\":\"https:\\\/\\\/laundry-consultancy.com\\\/\",\"name\":\"Aarnink Laundry Consultancy\",\"description\":\"Laundry Expert\",\"publisher\":{\"@id\":\"https:\\\/\\\/laundry-consultancy.com\\\/#organization\"},\"potentialAction\":[{\"@type\":\"SearchAction\",\"target\":{\"@type\":\"EntryPoint\",\"urlTemplate\":\"https:\\\/\\\/laundry-consultancy.com\\\/?s={search_term_string}\"},\"query-input\":{\"@type\":\"PropertyValueSpecification\",\"valueRequired\":true,\"valueName\":\"search_term_string\"}}],\"inLanguage\":\"de\"},{\"@type\":\"Organization\",\"@id\":\"https:\\\/\\\/laundry-consultancy.com\\\/#organization\",\"name\":\"Aarnink Laundry Consultancy\",\"url\":\"https:\\\/\\\/laundry-consultancy.com\\\/\",\"logo\":{\"@type\":\"ImageObject\",\"inLanguage\":\"de\",\"@id\":\"https:\\\/\\\/laundry-consultancy.com\\\/#\\\/schema\\\/logo\\\/image\\\/\",\"url\":\"https:\\\/\\\/laundry-consultancy.com\\\/wp-content\\\/uploads\\\/2021\\\/10\\\/logo_small.png\",\"contentUrl\":\"https:\\\/\\\/laundry-consultancy.com\\\/wp-content\\\/uploads\\\/2021\\\/10\\\/logo_small.png\",\"width\":500,\"height\":182,\"caption\":\"Aarnink Laundry Consultancy\"},\"image\":{\"@id\":\"https:\\\/\\\/laundry-consultancy.com\\\/#\\\/schema\\\/logo\\\/image\\\/\"}}]}<\/script>\n<!-- \/ Yoast SEO plugin. -->","yoast_head_json":{"title":"Commercial Laundry Consultant Redmer Aarnink","description":"Aarnink Laundry Consultancy - laundry consultant to the commercial & industrial laundry industry. Expert in operations, processes and profit!","robots":{"index":"index","follow":"follow","max-snippet":"max-snippet:-1","max-image-preview":"max-image-preview:large","max-video-preview":"max-video-preview:-1"},"canonical":"https:\/\/laundry-consultancy.com\/de\/","og_locale":"de_DE","og_type":"article","og_title":"Commercial Laundry Consultant Redmer Aarnink","og_description":"Aarnink Laundry Consultancy - laundry consultant to the commercial & industrial laundry industry. Expert in operations, processes and profit!","og_url":"https:\/\/laundry-consultancy.com\/de\/","og_site_name":"Aarnink Laundry Consultancy","article_modified_time":"2021-12-16T13:06:51+00:00","twitter_card":"summary_large_image","twitter_misc":{"Gesch\u00e4tzte Lesezeit":"1\u00a0Minute"},"schema":{"@context":"https:\/\/schema.org","@graph":[{"@type":"WebPage","@id":"https:\/\/laundry-consultancy.com\/de\/","url":"https:\/\/laundry-consultancy.com\/de\/","name":"Commercial Laundry Consultant Redmer Aarnink","isPartOf":{"@id":"https:\/\/laundry-consultancy.com\/#website"},"datePublished":"2021-10-13T13:32:25+00:00","dateModified":"2021-12-16T13:06:51+00:00","description":"Aarnink Laundry Consultancy - laundry consultant to the commercial & industrial laundry industry. Expert in operations, processes and profit!","breadcrumb":{"@id":"https:\/\/laundry-consultancy.com\/de\/#breadcrumb"},"inLanguage":"de","potentialAction":[{"@type":"ReadAction","target":["https:\/\/laundry-consultancy.com\/de\/"]}]},{"@type":"BreadcrumbList","@id":"https:\/\/laundry-consultancy.com\/de\/#breadcrumb","itemListElement":[{"@type":"ListItem","position":1,"name":"Home","item":"https:\/\/laundry-consultancy.com\/de\/"},{"@type":"ListItem","position":2,"name":"Commercial Laundry Consultant Redmer Aarnink"}]},{"@type":"WebSite","@id":"https:\/\/laundry-consultancy.com\/#website","url":"https:\/\/laundry-consultancy.com\/","name":"Aarnink Laundry Consultancy","description":"Laundry Expert","publisher":{"@id":"https:\/\/laundry-consultancy.com\/#organization"},"potentialAction":[{"@type":"SearchAction","target":{"@type":"EntryPoint","urlTemplate":"https:\/\/laundry-consultancy.com\/?s={search_term_string}"},"query-input":{"@type":"PropertyValueSpecification","valueRequired":true,"valueName":"search_term_string"}}],"inLanguage":"de"},{"@type":"Organization","@id":"https:\/\/laundry-consultancy.com\/#organization","name":"Aarnink Laundry Consultancy","url":"https:\/\/laundry-consultancy.com\/","logo":{"@type":"ImageObject","inLanguage":"de","@id":"https:\/\/laundry-consultancy.com\/#\/schema\/logo\/image\/","url":"https:\/\/laundry-consultancy.com\/wp-content\/uploads\/2021\/10\/logo_small.png","contentUrl":"https:\/\/laundry-consultancy.com\/wp-content\/uploads\/2021\/10\/logo_small.png","width":500,"height":182,"caption":"Aarnink Laundry Consultancy"},"image":{"@id":"https:\/\/laundry-consultancy.com\/#\/schema\/logo\/image\/"}}]}},"_links":{"self":[{"href":"https:\/\/laundry-consultancy.com\/de\/wp-json\/wp\/v2\/pages\/3181","targetHints":{"allow":["GET"]}}],"collection":[{"href":"https:\/\/laundry-consultancy.com\/de\/wp-json\/wp\/v2\/pages"}],"about":[{"href":"https:\/\/laundry-consultancy.com\/de\/wp-json\/wp\/v2\/types\/page"}],"author":[{"embeddable":true,"href":"https:\/\/laundry-consultancy.com\/de\/wp-json\/wp\/v2\/users\/1"}],"replies":[{"embeddable":true,"href":"https:\/\/laundry-consultancy.com\/de\/wp-json\/wp\/v2\/comments?post=3181"}],"version-history":[{"count":0,"href":"https:\/\/laundry-consultancy.com\/de\/wp-json\/wp\/v2\/pages\/3181\/revisions"}],"wp:attachment":[{"href":"https:\/\/laundry-consultancy.com\/de\/wp-json\/wp\/v2\/media?parent=3181"}],"curies":[{"name":"wp","href":"https:\/\/api.w.org\/{rel}","templated":true}]}}