{"id":3337,"date":"2021-11-04T12:28:55","date_gmt":"2021-11-04T11:28:55","guid":{"rendered":"https:\/\/laundry-consultancy.com\/about\/"},"modified":"2021-11-30T13:58:32","modified_gmt":"2021-11-30T12:58:32","slug":"about","status":"publish","type":"page","link":"https:\/\/laundry-consultancy.com\/de\/about\/","title":{"rendered":"Commercial Laundry Consultant &#8211; About Aarnink"},"content":{"rendered":"\t\t<div data-elementor-type=\"wp-page\" data-elementor-id=\"3337\" class=\"elementor elementor-3337 elementor-1168\" data-elementor-post-type=\"page\">\n\t\t\t\t\t\t<section class=\"elementor-section elementor-top-section elementor-element elementor-element-1784a4c7 elementor-section-full_width elementor-section-height-default elementor-section-height-default\" data-id=\"1784a4c7\" data-element_type=\"section\" data-e-type=\"section\" data-settings=\"{&quot;background_background&quot;:&quot;classic&quot;}\">\n\t\t\t\t\t\t\t<div class=\"elementor-background-overlay\"><\/div>\n\t\t\t\t\t\t\t<div class=\"elementor-container elementor-column-gap-default\">\n\t\t\t\t\t<div class=\"elementor-column elementor-col-100 elementor-top-column elementor-element elementor-element-61e94b5a\" data-id=\"61e94b5a\" data-element_type=\"column\" data-e-type=\"column\" data-settings=\"{&quot;background_background&quot;:&quot;classic&quot;}\">\n\t\t\t<div class=\"elementor-widget-wrap elementor-element-populated\">\n\t\t\t\t\t\t<div class=\"elementor-element elementor-element-ec0b193 elementor-widget elementor-widget-text-editor\" data-id=\"ec0b193\" data-element_type=\"widget\" data-e-type=\"widget\" data-widget_type=\"text-editor.default\">\n\t\t\t\t<div class=\"elementor-widget-container\">\n\t\t\t\t\t\t\t\t\t<p style=\"text-align: center;\"><span style=\"color: #ffffff;\">Consultancy next level!<br \/><\/span><\/p>\t\t\t\t\t\t\t\t<\/div>\n\t\t\t\t<\/div>\n\t\t\t\t\t<\/div>\n\t\t<\/div>\n\t\t\t\t\t<\/div>\n\t\t<\/section>\n\t\t\t\t<section class=\"elementor-section elementor-top-section elementor-element elementor-element-af36b87 elementor-section-boxed elementor-section-height-default elementor-section-height-default\" data-id=\"af36b87\" data-element_type=\"section\" data-e-type=\"section\">\n\t\t\t\t\t\t<div class=\"elementor-container elementor-column-gap-default\">\n\t\t\t\t\t<div class=\"elementor-column elementor-col-100 elementor-top-column elementor-element elementor-element-4485671\" data-id=\"4485671\" data-element_type=\"column\" data-e-type=\"column\">\n\t\t\t<div class=\"elementor-widget-wrap elementor-element-populated\">\n\t\t\t\t\t\t<div class=\"elementor-element elementor-element-d0804b2 elementor-widget elementor-widget-heading\" data-id=\"d0804b2\" data-element_type=\"widget\" data-e-type=\"widget\" data-widget_type=\"heading.default\">\n\t\t\t\t<div class=\"elementor-widget-container\">\n\t\t\t\t\t<h1 class=\"elementor-heading-title elementor-size-default\">\u00dcber Aarnink W\u00e4schereiberatung<\/h1>\t\t\t\t<\/div>\n\t\t\t\t<\/div>\n\t\t\t\t\t<\/div>\n\t\t<\/div>\n\t\t\t\t\t<\/div>\n\t\t<\/section>\n\t\t\t\t<section class=\"elementor-section elementor-top-section elementor-element elementor-element-020f479 elementor-section-boxed elementor-section-height-default elementor-section-height-default\" data-id=\"020f479\" data-element_type=\"section\" data-e-type=\"section\">\n\t\t\t\t\t\t<div class=\"elementor-container elementor-column-gap-default\">\n\t\t\t\t\t<div class=\"elementor-column elementor-col-50 elementor-top-column elementor-element elementor-element-1d0434e\" data-id=\"1d0434e\" data-element_type=\"column\" data-e-type=\"column\">\n\t\t\t<div class=\"elementor-widget-wrap elementor-element-populated\">\n\t\t\t\t\t\t<div class=\"elementor-element elementor-element-0cdd54b elementor-widget elementor-widget-text-editor\" data-id=\"0cdd54b\" data-element_type=\"widget\" data-e-type=\"widget\" data-widget_type=\"text-editor.default\">\n\t\t\t\t<div class=\"elementor-widget-container\">\n\t\t\t\t\t\t\t\t\t<h2>Gegr\u00fcndet<\/h2><p>Aarnink Laundry Consultancy wurde im September 2021 gegr\u00fcndet. Nach einer langen internationalen Karriere in der W\u00e4schereibranche war dies f\u00fcr mich (Redmer Aarnink) der logische n\u00e4chste Schritt.<\/p><p>Ich bin Experte f\u00fcr W\u00e4scheservice f\u00fcr Hotel, Pflege, Arbeitsmatten, Wischt\u00fccher, Handtuchrollen und mehr.<\/p><p>Meine Expertise umfasst alle Aspekte des W\u00e4scheservices, einschlie\u00dflich W\u00e4scherei-Layout, Umzug, Umbau, Raumplanung, Workflow-Design, Transportoptimierung und Produktivit\u00e4t.<\/p><p>Garantierter Erfolg!<\/p>\t\t\t\t\t\t\t\t<\/div>\n\t\t\t\t<\/div>\n\t\t\t\t<div class=\"elementor-element elementor-element-d890373 elementor-widget elementor-widget-button\" data-id=\"d890373\" data-element_type=\"widget\" data-e-type=\"widget\" data-widget_type=\"button.default\">\n\t\t\t\t<div class=\"elementor-widget-container\">\n\t\t\t\t\t\t\t\t\t<div class=\"elementor-button-wrapper\">\n\t\t\t\t\t<a class=\"elementor-button elementor-button-link elementor-size-xl\" href=\"https:\/\/laundry-consultancy.com\/contact\/\">\n\t\t\t\t\t\t<span class=\"elementor-button-content-wrapper\">\n\t\t\t\t\t\t\t\t\t<span class=\"elementor-button-text\">Kontaktiere mich<\/span>\n\t\t\t\t\t<\/span>\n\t\t\t\t\t<\/a>\n\t\t\t\t<\/div>\n\t\t\t\t\t\t\t\t<\/div>\n\t\t\t\t<\/div>\n\t\t\t\t\t<\/div>\n\t\t<\/div>\n\t\t\t\t<div class=\"elementor-column elementor-col-50 elementor-top-column elementor-element elementor-element-857ab5b\" data-id=\"857ab5b\" data-element_type=\"column\" data-e-type=\"column\" data-settings=\"{&quot;background_background&quot;:&quot;classic&quot;}\">\n\t\t\t<div class=\"elementor-widget-wrap elementor-element-populated\">\n\t\t\t\t\t\t<div class=\"elementor-element elementor-element-d065016 elementor-widget elementor-widget-image\" data-id=\"d065016\" data-element_type=\"widget\" data-e-type=\"widget\" data-widget_type=\"image.default\">\n\t\t\t\t<div class=\"elementor-widget-container\">\n\t\t\t\t\t\t\t\t\t\t\t\t\t\t\t<img fetchpriority=\"high\" decoding=\"async\" width=\"392\" height=\"537\" src=\"https:\/\/laundry-consultancy.com\/wp-content\/uploads\/2021\/10\/Redmer-Aarnink-Commercial-Laundry-Consultant.jpg\" class=\"attachment-large size-large wp-image-1803\" alt=\"\" srcset=\"https:\/\/laundry-consultancy.com\/wp-content\/uploads\/2021\/10\/Redmer-Aarnink-Commercial-Laundry-Consultant.jpg 392w, https:\/\/laundry-consultancy.com\/wp-content\/uploads\/2021\/10\/Redmer-Aarnink-Commercial-Laundry-Consultant-219x300.jpg 219w\" sizes=\"(max-width: 392px) 100vw, 392px\" \/>\t\t\t\t\t\t\t\t\t\t\t\t\t\t\t<\/div>\n\t\t\t\t<\/div>\n\t\t\t\t\t<\/div>\n\t\t<\/div>\n\t\t\t\t\t<\/div>\n\t\t<\/section>\n\t\t\t\t<section class=\"elementor-section elementor-top-section elementor-element elementor-element-3336d41 elementor-section-boxed elementor-section-height-default elementor-section-height-default\" data-id=\"3336d41\" data-element_type=\"section\" data-e-type=\"section\">\n\t\t\t\t\t\t<div class=\"elementor-container elementor-column-gap-default\">\n\t\t\t\t\t<div class=\"elementor-column elementor-col-100 elementor-top-column elementor-element elementor-element-135a051\" data-id=\"135a051\" data-element_type=\"column\" data-e-type=\"column\">\n\t\t\t<div class=\"elementor-widget-wrap elementor-element-populated\">\n\t\t\t\t\t\t<div class=\"elementor-element elementor-element-581446f elementor-widget elementor-widget-text-editor\" data-id=\"581446f\" data-element_type=\"widget\" data-e-type=\"widget\" data-widget_type=\"text-editor.default\">\n\t\t\t\t<div class=\"elementor-widget-container\">\n\t\t\t\t\t\t\t\t\t<h2>\u00dcber Redmer Aarnink<\/h2>\t\t\t\t\t\t\t\t<\/div>\n\t\t\t\t<\/div>\n\t\t\t\t<div class=\"elementor-element elementor-element-c9e952d elementor-widget elementor-widget-text-editor\" data-id=\"c9e952d\" data-element_type=\"widget\" data-e-type=\"widget\" data-widget_type=\"text-editor.default\">\n\t\t\t\t<div class=\"elementor-widget-container\">\n\t\t\t\t\t\t\t\t\t<p>Meine Liebe und Leidenschaft f\u00fcr die Textilreinigungsbranche begann in meiner Kindheit, als meine Eltern eine W\u00e4scherei besa\u00dfen, in der ich den gr\u00f6\u00dften Teil meiner Freizeit verbrachte.<\/p>\n<p>Seit 1989 war ich in verschiedenen Positionen in der W\u00e4schereibranche t\u00e4tig. Vom Standortleiter, verantwortlich f\u00fcr 30 FTE , bis zum kaufm\u00e4nnischen leitenden Angestellten in einem internationalen Unternehmen, das sich auf die logistische Planung und Steuerung des W\u00e4scheflusses f\u00fcr W\u00e4schereien spezialisiert hat und Transportsysteme, Steuerungen und Software liefert.<\/p>\n<p><b>In dieser Firma war ich verantwortlich f\u00fcr:<\/b><\/p>\n<ul>\n<li>Verkaufsabteilung inklusive Ziele und Marketing<\/li>\n<li>Pr\u00fcfung und Analyse von W\u00e4schereien weltweit<\/li>\n<li>Verhandlung und Verkauf von Projekten bis 3 Mio. EUR<\/li>\n<li>\u00dcberwachung der Zielerreichung (Aftersales und Guidance)<\/li>\n<li>F\u00fchrung und Schulung angehender Vertriebstalente und Vertriebsmitarbeiter<\/li>\n<\/ul>\n<div>&nbsp;<\/div>\n<p>Bevor ich als selbstst\u00e4ndiger Berater in der W\u00e4schereibranche begann, war ich viele Jahre in Deutschland als technischer Leiter einer W\u00e4schereikette mit 27 W\u00e4schereien und mehr als 3500 Mitarbeitern in 6 L\u00e4ndern t\u00e4tig.<\/p>\n<p><b>Dort war ich zust\u00e4ndig f\u00fcr:<\/b><\/p>\n<ul>\n<li>Verbesserung der Produktions- und Produktionsprozesse durch LEAN und SIX-Sigma<\/li><li>ROI-Berechnungen f\u00fcr Ersatz und neue Projekte<\/li><li>Energie sparen<\/li><li>Optimierung von Logistik und Transport (300 LKW)<\/li><li>Kundenanalyse und Strategieentwicklung<\/li><li><span style=\"background-color: transparent; color: var( --e-global-color-text ); font-family: var( --e-global-typography-text-font-family ), Sans-serif; font-weight: var( --e-global-typography-text-font-weight );\">Verbesserung des W\u00e4schemietprozesses, Einsparungen und Nachhaltigkeit<\/span><br><\/li>\n<\/ul><div><br><\/div>\n<p>Dank langj\u00e4hriger internationaler Erfahrung konnte ich mich im Verst\u00e4ndnis des Gesamtprozesses der Gro\u00dfw\u00e4scherei und seiner kaufm\u00e4nnischen Wirksamkeit weiterentwickeln.<\/p>\n<p>Ich bin motiviert, enthusiastisch und habe eine ergebnisorientierte Mentalit\u00e4t. Ich wei\u00df meine Kollegen und Mitarbeiter zu begeistern, schaffe eine angenehme Arbeitsatmosph\u00e4re und strahle Autorit\u00e4t aus, wenn es die Situation erfordert.<\/p>\n<p>Dar\u00fcber hinaus bin ich in der Lage, Schwerpunkte zu setzen, habe die F\u00e4higkeit, Dinge zu relativieren und habe eine positive Lebenseinstellung.<\/p>\t\t\t\t\t\t\t\t<\/div>\n\t\t\t\t<\/div>\n\t\t\t\t\t<\/div>\n\t\t<\/div>\n\t\t\t\t\t<\/div>\n\t\t<\/section>\n\t\t\t\t<\/div>\n\t\t","protected":false},"excerpt":{"rendered":"<p>Consultancy next level! \u00dcber Aarnink W\u00e4schereiberatung Gegr\u00fcndet Aarnink Laundry Consultancy wurde im September 2021 gegr\u00fcndet. Nach einer langen internationalen Karriere in der W\u00e4schereibranche war dies f\u00fcr mich (Redmer Aarnink) der logische n\u00e4chste Schritt. Ich bin Experte f\u00fcr W\u00e4scheservice f\u00fcr Hotel, Pflege, Arbeitsmatten, Wischt\u00fccher, Handtuchrollen und mehr. Meine Expertise umfasst alle Aspekte des W\u00e4scheservices, einschlie\u00dflich W\u00e4scherei-Layout, [&hellip;]<\/p>\n","protected":false},"author":1,"featured_media":0,"parent":0,"menu_order":10,"comment_status":"closed","ping_status":"closed","template":"","meta":{"footnotes":""},"class_list":["post-3337","page","type-page","status-publish","hentry"],"yoast_head":"<!-- This site is optimized with the Yoast SEO plugin v27.4 - https:\/\/yoast.com\/product\/yoast-seo-wordpress\/ -->\n<title>Commercial Laundry Consultant - About Aarnink<\/title>\n<meta name=\"description\" content=\"Aarnink Laundry Consultancy was founded by Redmer Aarnink. After a long career in the laundry industry this was the logical next step.\u00a0\" \/>\n<meta name=\"robots\" content=\"index, follow, max-snippet:-1, max-image-preview:large, max-video-preview:-1\" \/>\n<link rel=\"canonical\" href=\"https:\/\/laundry-consultancy.com\/de\/about\/\" \/>\n<meta property=\"og:locale\" content=\"de_DE\" \/>\n<meta property=\"og:type\" content=\"article\" \/>\n<meta property=\"og:title\" content=\"Commercial Laundry Consultant - About Aarnink\" \/>\n<meta property=\"og:description\" content=\"Aarnink Laundry Consultancy was founded by Redmer Aarnink. After a long career in the laundry industry this was the logical next step.\u00a0\" \/>\n<meta property=\"og:url\" content=\"https:\/\/laundry-consultancy.com\/de\/about\/\" \/>\n<meta property=\"og:site_name\" content=\"Aarnink Laundry Consultancy\" \/>\n<meta property=\"article:modified_time\" content=\"2021-11-30T12:58:32+00:00\" \/>\n<meta property=\"og:image\" content=\"https:\/\/laundry-consultancy.com\/wp-content\/uploads\/2021\/10\/Redmer-Aarnink-Commercial-Laundry-Consultant.jpg\" \/>\n<meta name=\"twitter:card\" content=\"summary_large_image\" \/>\n<meta name=\"twitter:label1\" content=\"Gesch\u00e4tzte Lesezeit\" \/>\n\t<meta name=\"twitter:data1\" content=\"2\u00a0Minuten\" \/>\n<script type=\"application\/ld+json\" class=\"yoast-schema-graph\">{\"@context\":\"https:\\\/\\\/schema.org\",\"@graph\":[{\"@type\":\"WebPage\",\"@id\":\"https:\\\/\\\/laundry-consultancy.com\\\/de\\\/about\\\/\",\"url\":\"https:\\\/\\\/laundry-consultancy.com\\\/de\\\/about\\\/\",\"name\":\"Commercial Laundry Consultant - About Aarnink\",\"isPartOf\":{\"@id\":\"https:\\\/\\\/laundry-consultancy.com\\\/#website\"},\"primaryImageOfPage\":{\"@id\":\"https:\\\/\\\/laundry-consultancy.com\\\/de\\\/about\\\/#primaryimage\"},\"image\":{\"@id\":\"https:\\\/\\\/laundry-consultancy.com\\\/de\\\/about\\\/#primaryimage\"},\"thumbnailUrl\":\"https:\\\/\\\/laundry-consultancy.com\\\/wp-content\\\/uploads\\\/2021\\\/10\\\/Redmer-Aarnink-Commercial-Laundry-Consultant.jpg\",\"datePublished\":\"2021-11-04T11:28:55+00:00\",\"dateModified\":\"2021-11-30T12:58:32+00:00\",\"description\":\"Aarnink Laundry Consultancy was founded by Redmer Aarnink. After a long career in the laundry industry this was the logical next step.\u00a0\",\"breadcrumb\":{\"@id\":\"https:\\\/\\\/laundry-consultancy.com\\\/de\\\/about\\\/#breadcrumb\"},\"inLanguage\":\"de\",\"potentialAction\":[{\"@type\":\"ReadAction\",\"target\":[\"https:\\\/\\\/laundry-consultancy.com\\\/de\\\/about\\\/\"]}]},{\"@type\":\"ImageObject\",\"inLanguage\":\"de\",\"@id\":\"https:\\\/\\\/laundry-consultancy.com\\\/de\\\/about\\\/#primaryimage\",\"url\":\"https:\\\/\\\/laundry-consultancy.com\\\/wp-content\\\/uploads\\\/2021\\\/10\\\/Redmer-Aarnink-Commercial-Laundry-Consultant.jpg\",\"contentUrl\":\"https:\\\/\\\/laundry-consultancy.com\\\/wp-content\\\/uploads\\\/2021\\\/10\\\/Redmer-Aarnink-Commercial-Laundry-Consultant.jpg\"},{\"@type\":\"BreadcrumbList\",\"@id\":\"https:\\\/\\\/laundry-consultancy.com\\\/de\\\/about\\\/#breadcrumb\",\"itemListElement\":[{\"@type\":\"ListItem\",\"position\":1,\"name\":\"Home\",\"item\":\"https:\\\/\\\/laundry-consultancy.com\\\/de\\\/\"},{\"@type\":\"ListItem\",\"position\":2,\"name\":\"Commercial Laundry Consultant &#8211; About Aarnink\"}]},{\"@type\":\"WebSite\",\"@id\":\"https:\\\/\\\/laundry-consultancy.com\\\/#website\",\"url\":\"https:\\\/\\\/laundry-consultancy.com\\\/\",\"name\":\"Aarnink Laundry Consultancy\",\"description\":\"Laundry Expert\",\"publisher\":{\"@id\":\"https:\\\/\\\/laundry-consultancy.com\\\/#organization\"},\"potentialAction\":[{\"@type\":\"SearchAction\",\"target\":{\"@type\":\"EntryPoint\",\"urlTemplate\":\"https:\\\/\\\/laundry-consultancy.com\\\/?s={search_term_string}\"},\"query-input\":{\"@type\":\"PropertyValueSpecification\",\"valueRequired\":true,\"valueName\":\"search_term_string\"}}],\"inLanguage\":\"de\"},{\"@type\":\"Organization\",\"@id\":\"https:\\\/\\\/laundry-consultancy.com\\\/#organization\",\"name\":\"Aarnink Laundry Consultancy\",\"url\":\"https:\\\/\\\/laundry-consultancy.com\\\/\",\"logo\":{\"@type\":\"ImageObject\",\"inLanguage\":\"de\",\"@id\":\"https:\\\/\\\/laundry-consultancy.com\\\/#\\\/schema\\\/logo\\\/image\\\/\",\"url\":\"https:\\\/\\\/laundry-consultancy.com\\\/wp-content\\\/uploads\\\/2021\\\/10\\\/logo_small.png\",\"contentUrl\":\"https:\\\/\\\/laundry-consultancy.com\\\/wp-content\\\/uploads\\\/2021\\\/10\\\/logo_small.png\",\"width\":500,\"height\":182,\"caption\":\"Aarnink Laundry Consultancy\"},\"image\":{\"@id\":\"https:\\\/\\\/laundry-consultancy.com\\\/#\\\/schema\\\/logo\\\/image\\\/\"}}]}<\/script>\n<!-- \/ Yoast SEO plugin. -->","yoast_head_json":{"title":"Commercial Laundry Consultant - About Aarnink","description":"Aarnink Laundry Consultancy was founded by Redmer Aarnink. After a long career in the laundry industry this was the logical next step.\u00a0","robots":{"index":"index","follow":"follow","max-snippet":"max-snippet:-1","max-image-preview":"max-image-preview:large","max-video-preview":"max-video-preview:-1"},"canonical":"https:\/\/laundry-consultancy.com\/de\/about\/","og_locale":"de_DE","og_type":"article","og_title":"Commercial Laundry Consultant - About Aarnink","og_description":"Aarnink Laundry Consultancy was founded by Redmer Aarnink. After a long career in the laundry industry this was the logical next step.\u00a0","og_url":"https:\/\/laundry-consultancy.com\/de\/about\/","og_site_name":"Aarnink Laundry Consultancy","article_modified_time":"2021-11-30T12:58:32+00:00","og_image":[{"url":"https:\/\/laundry-consultancy.com\/wp-content\/uploads\/2021\/10\/Redmer-Aarnink-Commercial-Laundry-Consultant.jpg","type":"","width":"","height":""}],"twitter_card":"summary_large_image","twitter_misc":{"Gesch\u00e4tzte Lesezeit":"2\u00a0Minuten"},"schema":{"@context":"https:\/\/schema.org","@graph":[{"@type":"WebPage","@id":"https:\/\/laundry-consultancy.com\/de\/about\/","url":"https:\/\/laundry-consultancy.com\/de\/about\/","name":"Commercial Laundry Consultant - About Aarnink","isPartOf":{"@id":"https:\/\/laundry-consultancy.com\/#website"},"primaryImageOfPage":{"@id":"https:\/\/laundry-consultancy.com\/de\/about\/#primaryimage"},"image":{"@id":"https:\/\/laundry-consultancy.com\/de\/about\/#primaryimage"},"thumbnailUrl":"https:\/\/laundry-consultancy.com\/wp-content\/uploads\/2021\/10\/Redmer-Aarnink-Commercial-Laundry-Consultant.jpg","datePublished":"2021-11-04T11:28:55+00:00","dateModified":"2021-11-30T12:58:32+00:00","description":"Aarnink Laundry Consultancy was founded by Redmer Aarnink. After a long career in the laundry industry this was the logical next step.\u00a0","breadcrumb":{"@id":"https:\/\/laundry-consultancy.com\/de\/about\/#breadcrumb"},"inLanguage":"de","potentialAction":[{"@type":"ReadAction","target":["https:\/\/laundry-consultancy.com\/de\/about\/"]}]},{"@type":"ImageObject","inLanguage":"de","@id":"https:\/\/laundry-consultancy.com\/de\/about\/#primaryimage","url":"https:\/\/laundry-consultancy.com\/wp-content\/uploads\/2021\/10\/Redmer-Aarnink-Commercial-Laundry-Consultant.jpg","contentUrl":"https:\/\/laundry-consultancy.com\/wp-content\/uploads\/2021\/10\/Redmer-Aarnink-Commercial-Laundry-Consultant.jpg"},{"@type":"BreadcrumbList","@id":"https:\/\/laundry-consultancy.com\/de\/about\/#breadcrumb","itemListElement":[{"@type":"ListItem","position":1,"name":"Home","item":"https:\/\/laundry-consultancy.com\/de\/"},{"@type":"ListItem","position":2,"name":"Commercial Laundry Consultant &#8211; About Aarnink"}]},{"@type":"WebSite","@id":"https:\/\/laundry-consultancy.com\/#website","url":"https:\/\/laundry-consultancy.com\/","name":"Aarnink Laundry Consultancy","description":"Laundry Expert","publisher":{"@id":"https:\/\/laundry-consultancy.com\/#organization"},"potentialAction":[{"@type":"SearchAction","target":{"@type":"EntryPoint","urlTemplate":"https:\/\/laundry-consultancy.com\/?s={search_term_string}"},"query-input":{"@type":"PropertyValueSpecification","valueRequired":true,"valueName":"search_term_string"}}],"inLanguage":"de"},{"@type":"Organization","@id":"https:\/\/laundry-consultancy.com\/#organization","name":"Aarnink Laundry Consultancy","url":"https:\/\/laundry-consultancy.com\/","logo":{"@type":"ImageObject","inLanguage":"de","@id":"https:\/\/laundry-consultancy.com\/#\/schema\/logo\/image\/","url":"https:\/\/laundry-consultancy.com\/wp-content\/uploads\/2021\/10\/logo_small.png","contentUrl":"https:\/\/laundry-consultancy.com\/wp-content\/uploads\/2021\/10\/logo_small.png","width":500,"height":182,"caption":"Aarnink Laundry Consultancy"},"image":{"@id":"https:\/\/laundry-consultancy.com\/#\/schema\/logo\/image\/"}}]}},"_links":{"self":[{"href":"https:\/\/laundry-consultancy.com\/de\/wp-json\/wp\/v2\/pages\/3337","targetHints":{"allow":["GET"]}}],"collection":[{"href":"https:\/\/laundry-consultancy.com\/de\/wp-json\/wp\/v2\/pages"}],"about":[{"href":"https:\/\/laundry-consultancy.com\/de\/wp-json\/wp\/v2\/types\/page"}],"author":[{"embeddable":true,"href":"https:\/\/laundry-consultancy.com\/de\/wp-json\/wp\/v2\/users\/1"}],"replies":[{"embeddable":true,"href":"https:\/\/laundry-consultancy.com\/de\/wp-json\/wp\/v2\/comments?post=3337"}],"version-history":[{"count":0,"href":"https:\/\/laundry-consultancy.com\/de\/wp-json\/wp\/v2\/pages\/3337\/revisions"}],"wp:attachment":[{"href":"https:\/\/laundry-consultancy.com\/de\/wp-json\/wp\/v2\/media?parent=3337"}],"curies":[{"name":"wp","href":"https:\/\/api.w.org\/{rel}","templated":true}]}}