{"id":3351,"date":"2021-10-13T17:56:50","date_gmt":"2021-10-13T15:56:50","guid":{"rendered":"https:\/\/laundry-consultancy.com\/contact\/"},"modified":"2021-12-02T18:11:35","modified_gmt":"2021-12-02T17:11:35","slug":"kontakt","status":"publish","type":"page","link":"https:\/\/laundry-consultancy.com\/de\/kontakt\/","title":{"rendered":"W\u00e4schereiberatung Redmer Aarnink &#8211; Kontakt"},"content":{"rendered":"\t\t<div data-elementor-type=\"wp-page\" data-elementor-id=\"3351\" class=\"elementor elementor-3351 elementor-32\" data-elementor-post-type=\"page\">\n\t\t\t\t\t\t<section class=\"elementor-section elementor-top-section elementor-element elementor-element-5923036a elementor-section-full_width elementor-section-height-default elementor-section-height-default\" data-id=\"5923036a\" data-element_type=\"section\" data-e-type=\"section\" data-settings=\"{&quot;background_background&quot;:&quot;classic&quot;}\">\n\t\t\t\t\t\t\t<div class=\"elementor-background-overlay\"><\/div>\n\t\t\t\t\t\t\t<div class=\"elementor-container elementor-column-gap-default\">\n\t\t\t\t\t<div class=\"elementor-column elementor-col-100 elementor-top-column elementor-element elementor-element-45187492\" data-id=\"45187492\" data-element_type=\"column\" data-e-type=\"column\" data-settings=\"{&quot;background_background&quot;:&quot;classic&quot;}\">\n\t\t\t<div class=\"elementor-widget-wrap elementor-element-populated\">\n\t\t\t\t\t\t<div class=\"elementor-element elementor-element-4a39191b elementor-widget elementor-widget-text-editor\" data-id=\"4a39191b\" data-element_type=\"widget\" data-e-type=\"widget\" data-widget_type=\"text-editor.default\">\n\t\t\t\t<div class=\"elementor-widget-container\">\n\t\t\t\t\t\t\t\t\t<p>Es scheint immer unm\u00f6glich, bis es fertig ist<\/p>\t\t\t\t\t\t\t\t<\/div>\n\t\t\t\t<\/div>\n\t\t\t\t\t<\/div>\n\t\t<\/div>\n\t\t\t\t\t<\/div>\n\t\t<\/section>\n\t\t\t\t<section class=\"elementor-section elementor-top-section elementor-element elementor-element-d90b24f elementor-section-boxed elementor-section-height-default elementor-section-height-default\" data-id=\"d90b24f\" data-element_type=\"section\" data-e-type=\"section\">\n\t\t\t\t\t\t<div class=\"elementor-container elementor-column-gap-default\">\n\t\t\t\t\t<div class=\"elementor-column elementor-col-100 elementor-top-column elementor-element elementor-element-2fd8d52\" data-id=\"2fd8d52\" data-element_type=\"column\" data-e-type=\"column\">\n\t\t\t<div class=\"elementor-widget-wrap elementor-element-populated\">\n\t\t\t\t\t\t<div class=\"elementor-element elementor-element-36766a9 elementor-widget elementor-widget-text-editor\" data-id=\"36766a9\" data-element_type=\"widget\" data-e-type=\"widget\" data-widget_type=\"text-editor.default\">\n\t\t\t\t<div class=\"elementor-widget-container\">\n\t\t\t\t\t\t\t\t\t<h1>Kontaktieren Sie die W\u00e4schereiberatung Aarnink<\/h1>\t\t\t\t\t\t\t\t<\/div>\n\t\t\t\t<\/div>\n\t\t\t\t\t<\/div>\n\t\t<\/div>\n\t\t\t\t\t<\/div>\n\t\t<\/section>\n\t\t\t\t<section class=\"elementor-section elementor-top-section elementor-element elementor-element-016468f elementor-section-boxed elementor-section-height-default elementor-section-height-default\" data-id=\"016468f\" data-element_type=\"section\" data-e-type=\"section\">\n\t\t\t\t\t\t<div class=\"elementor-container elementor-column-gap-default\">\n\t\t\t\t\t<div class=\"elementor-column elementor-col-100 elementor-top-column elementor-element elementor-element-6a9db7a\" data-id=\"6a9db7a\" data-element_type=\"column\" data-e-type=\"column\">\n\t\t\t<div class=\"elementor-widget-wrap elementor-element-populated\">\n\t\t\t\t\t\t<div class=\"elementor-element elementor-element-e84329a elementor-widget elementor-widget-text-editor\" data-id=\"e84329a\" data-element_type=\"widget\" data-e-type=\"widget\" data-widget_type=\"text-editor.default\">\n\t\t\t\t<div class=\"elementor-widget-container\">\n\t\t\t\t\t\t\t\t\t<p style=\"text-align: center;\">F\u00fcr weitere Informationen zu unseren Beratungsleistungen f\u00fcr die W\u00e4schereibranche kontaktieren Sie uns bitte.<\/p>\t\t\t\t\t\t\t\t<\/div>\n\t\t\t\t<\/div>\n\t\t\t\t\t<\/div>\n\t\t<\/div>\n\t\t\t\t\t<\/div>\n\t\t<\/section>\n\t\t\t\t<section class=\"elementor-section elementor-top-section elementor-element elementor-element-b503618 elementor-section-boxed elementor-section-height-default elementor-section-height-default\" data-id=\"b503618\" data-element_type=\"section\" data-e-type=\"section\">\n\t\t\t\t\t\t<div class=\"elementor-container elementor-column-gap-default\">\n\t\t\t\t\t<div class=\"elementor-column elementor-col-100 elementor-top-column elementor-element elementor-element-0c35d31\" data-id=\"0c35d31\" data-element_type=\"column\" data-e-type=\"column\">\n\t\t\t<div class=\"elementor-widget-wrap elementor-element-populated\">\n\t\t\t\t\t\t<div class=\"elementor-element elementor-element-1124533 elementor-widget-divider--view-line elementor-widget elementor-widget-divider\" data-id=\"1124533\" data-element_type=\"widget\" data-e-type=\"widget\" data-widget_type=\"divider.default\">\n\t\t\t\t<div class=\"elementor-widget-container\">\n\t\t\t\t\t\t\t<div class=\"elementor-divider\">\n\t\t\t<span class=\"elementor-divider-separator\">\n\t\t\t\t\t\t<\/span>\n\t\t<\/div>\n\t\t\t\t\t\t<\/div>\n\t\t\t\t<\/div>\n\t\t\t\t\t<\/div>\n\t\t<\/div>\n\t\t\t\t\t<\/div>\n\t\t<\/section>\n\t\t\t\t<section class=\"elementor-section elementor-top-section elementor-element elementor-element-9ad88d6 elementor-section-boxed elementor-section-height-default elementor-section-height-default\" data-id=\"9ad88d6\" data-element_type=\"section\" data-e-type=\"section\">\n\t\t\t\t\t\t<div class=\"elementor-container elementor-column-gap-default\">\n\t\t\t\t\t<div class=\"elementor-column elementor-col-50 elementor-top-column elementor-element elementor-element-8712371\" data-id=\"8712371\" data-element_type=\"column\" data-e-type=\"column\" data-settings=\"{&quot;background_background&quot;:&quot;classic&quot;}\">\n\t\t\t<div class=\"elementor-widget-wrap elementor-element-populated\">\n\t\t\t\t\t\t<div class=\"elementor-element elementor-element-c241260 elementor-widget elementor-widget-image\" data-id=\"c241260\" data-element_type=\"widget\" data-e-type=\"widget\" data-widget_type=\"image.default\">\n\t\t\t\t<div class=\"elementor-widget-container\">\n\t\t\t\t\t\t\t\t\t\t\t\t\t\t\t<img decoding=\"async\" width=\"300\" height=\"120\" src=\"https:\/\/laundry-consultancy.com\/wp-content\/uploads\/2021\/10\/logo.svg\" class=\"attachment-medium size-medium wp-image-1813\" alt=\"\" \/>\t\t\t\t\t\t\t\t\t\t\t\t\t\t\t<\/div>\n\t\t\t\t<\/div>\n\t\t\t\t<div class=\"elementor-element elementor-element-ed53e30 elementor-widget elementor-widget-text-editor\" data-id=\"ed53e30\" data-element_type=\"widget\" data-e-type=\"widget\" data-widget_type=\"text-editor.default\">\n\t\t\t\t<div class=\"elementor-widget-container\">\n\t\t\t\t\t\t\t\t\t<p style=\"text-align: center;\">Aarnink Laundry Consultancy<br \/>Redmer Aarnink<br \/>Koudekerk aan den Rijn<\/p><p style=\"text-align: center;\">T. +31 625 191 347<br \/>E. <a href=\"mailto:info@laundry-consultancy.com\"><span style=\"color: #0000ff;\">info@laundry-consultancy.com<\/span><\/a><\/p><p style=\"text-align: center;\">\u00a0<\/p>\t\t\t\t\t\t\t\t<\/div>\n\t\t\t\t<\/div>\n\t\t\t\t\t<\/div>\n\t\t<\/div>\n\t\t\t\t<div class=\"elementor-column elementor-col-50 elementor-top-column elementor-element elementor-element-1c88754\" data-id=\"1c88754\" data-element_type=\"column\" data-e-type=\"column\">\n\t\t\t<div class=\"elementor-widget-wrap elementor-element-populated\">\n\t\t\t\t\t\t<div class=\"elementor-element elementor-element-93f50c7 elementor-widget elementor-widget-shortcode\" data-id=\"93f50c7\" data-element_type=\"widget\" data-e-type=\"widget\" data-widget_type=\"shortcode.default\">\n\t\t\t\t<div class=\"elementor-widget-container\">\n\t\t\t\t\t\t\t<div class=\"elementor-shortcode\"><iframe src=\"https:\/\/www.google.com\/maps\/embed?pb=!1m18!1m12!1m3!1d313481.1568203325!2d4.325526939500573!3d52.13302017974281!2m3!1f0!2f0!3f0!3m2!1i1024!2i768!4f13.1!3m3!1m2!1s0x47c5c530215a5d0b%3A0x9eaf29b04c455e1c!2sDen%20Tollstraat%2050%2C%202396%20CH%20Koudekerk%20aan%20den%20Rijn!5e0!3m2!1snl!2snl!4v1634142025661!5m2!1snl!2snl\" width=\"600\" height=\"420\" style=\"border:0;\" allowfullscreen=\"\" loading=\"lazy\"><\/iframe><\/div>\n\t\t\t\t\t\t<\/div>\n\t\t\t\t<\/div>\n\t\t\t\t\t<\/div>\n\t\t<\/div>\n\t\t\t\t\t<\/div>\n\t\t<\/section>\n\t\t\t\t<section class=\"elementor-section elementor-top-section elementor-element elementor-element-70db1b0 elementor-section-boxed elementor-section-height-default elementor-section-height-default\" data-id=\"70db1b0\" data-element_type=\"section\" data-e-type=\"section\">\n\t\t\t\t\t\t<div class=\"elementor-container elementor-column-gap-default\">\n\t\t\t\t\t<div class=\"elementor-column elementor-col-50 elementor-top-column elementor-element elementor-element-ac57caf\" data-id=\"ac57caf\" data-element_type=\"column\" data-e-type=\"column\" data-settings=\"{&quot;background_background&quot;:&quot;classic&quot;}\">\n\t\t\t<div class=\"elementor-widget-wrap\">\n\t\t\t\t\t\t\t<\/div>\n\t\t<\/div>\n\t\t\t\t<div class=\"elementor-column elementor-col-50 elementor-top-column elementor-element elementor-element-a02e980\" data-id=\"a02e980\" data-element_type=\"column\" data-e-type=\"column\" data-settings=\"{&quot;background_background&quot;:&quot;classic&quot;}\">\n\t\t\t<div class=\"elementor-widget-wrap elementor-element-populated\">\n\t\t\t\t\t\t<div class=\"elementor-element elementor-element-6d9adbe elementor-widget elementor-widget-text-editor\" data-id=\"6d9adbe\" data-element_type=\"widget\" data-e-type=\"widget\" data-widget_type=\"text-editor.default\">\n\t\t\t\t<div class=\"elementor-widget-container\">\n\t\t\t\t\t\t\t\t\t<h2>Kontaktieren Sie uns per Mail<\/h2>\t\t\t\t\t\t\t\t<\/div>\n\t\t\t\t<\/div>\n\t\t\t\t<div class=\"elementor-element elementor-element-7f20e21 elementor-widget elementor-widget-shortcode\" data-id=\"7f20e21\" data-element_type=\"widget\" data-e-type=\"widget\" data-widget_type=\"shortcode.default\">\n\t\t\t\t<div class=\"elementor-widget-container\">\n\t\t\t\t\t\t\t<div class=\"elementor-shortcode\"><div class=\"wpforms-container wpforms-container-full\" id=\"wpforms-102\"><form id=\"wpforms-form-102\" class=\"wpforms-validate wpforms-form wpforms-ajax-form\" data-formid=\"102\" method=\"post\" enctype=\"multipart\/form-data\" action=\"\/de\/wp-json\/wp\/v2\/pages\/3351\" data-token=\"496704f822e4250eb0550c489323eacc\" data-token-time=\"1777285544\"><noscript class=\"wpforms-error-noscript\">Bitte aktiviere JavaScript in deinem Browser, um dieses Formular fertigzustellen.<\/noscript><div class=\"wpforms-field-container\"><div id=\"wpforms-102-field_0-container\" class=\"wpforms-field wpforms-field-name\" data-field-id=\"0\"><label class=\"wpforms-field-label wpforms-label-hide\" for=\"wpforms-102-field_0\">Name <span class=\"wpforms-required-label\">*<\/span><\/label><input type=\"text\" id=\"wpforms-102-field_0\" class=\"wpforms-field-medium wpforms-field-required\" name=\"wpforms[fields][0]\" placeholder=\"Name*\" required><\/div><div id=\"wpforms-102-field_1-container\" class=\"wpforms-field wpforms-field-email\" data-field-id=\"1\"><label class=\"wpforms-field-label wpforms-label-hide\" for=\"wpforms-102-field_1\">Email <span class=\"wpforms-required-label\">*<\/span><\/label><input type=\"email\" id=\"wpforms-102-field_1\" class=\"wpforms-field-medium wpforms-field-required\" name=\"wpforms[fields][1]\" placeholder=\"Email*\" spellcheck=\"false\" required><\/div><div id=\"wpforms-102-field_3-container\" class=\"wpforms-field wpforms-field-number\" data-field-id=\"3\"><label class=\"wpforms-field-label wpforms-label-hide\" for=\"wpforms-102-field_3\">Phone Number<\/label><input type=\"number\" id=\"wpforms-102-field_3\" class=\"wpforms-field-medium\" name=\"wpforms[fields][3]\" placeholder=\"Phone number\" step=\"any\" ><\/div><div id=\"wpforms-102-field_2-container\" class=\"wpforms-field wpforms-field-textarea\" data-field-id=\"2\"><label class=\"wpforms-field-label wpforms-label-hide\" for=\"wpforms-102-field_2\">Comment or Message <span class=\"wpforms-required-label\">*<\/span><\/label><textarea id=\"wpforms-102-field_2\" class=\"wpforms-field-medium wpforms-field-required\" name=\"wpforms[fields][2]\" placeholder=\"Question or Message*\" required><\/textarea><\/div><\/div><!-- .wpforms-field-container --><div class=\"wpforms-recaptcha-container wpforms-is-recaptcha wpforms-is-recaptcha-type-v3\" ><input type=\"hidden\" name=\"wpforms[recaptcha]\" value=\"\"><\/div><div class=\"wpforms-submit-container\" ><input type=\"hidden\" name=\"wpforms[id]\" value=\"102\"><input type=\"hidden\" name=\"page_title\" value=\"\"><input type=\"hidden\" name=\"page_url\" value=\"https:\/\/laundry-consultancy.com\/de\/wp-json\/wp\/v2\/pages\/3351\"><input type=\"hidden\" name=\"url_referer\" value=\"\"><button type=\"submit\" name=\"wpforms[submit]\" id=\"wpforms-submit-102\" class=\"wpforms-submit\" data-alt-text=\"Sending...\" data-submit-text=\"Submit\" aria-live=\"assertive\" value=\"wpforms-submit\">Submit<\/button><img decoding=\"async\" src=\"https:\/\/laundry-consultancy.com\/wp-content\/plugins\/wpforms-lite\/assets\/images\/submit-spin.svg\" class=\"wpforms-submit-spinner\" style=\"display: none;\" width=\"26\" height=\"26\" alt=\"Wird geladen\"><\/div><\/form><\/div>  <!-- .wpforms-container --><\/div>\n\t\t\t\t\t\t<\/div>\n\t\t\t\t<\/div>\n\t\t\t\t\t<\/div>\n\t\t<\/div>\n\t\t\t\t\t<\/div>\n\t\t<\/section>\n\t\t\t\t<\/div>\n\t\t","protected":false},"excerpt":{"rendered":"<p>Es scheint immer unm\u00f6glich, bis es fertig ist Kontaktieren Sie die W\u00e4schereiberatung Aarnink F\u00fcr weitere Informationen zu unseren Beratungsleistungen f\u00fcr die W\u00e4schereibranche kontaktieren Sie uns bitte. Aarnink Laundry Consultancy Redmer Aarnink Koudekerk aan den Rijn T. +31 625 191 347 E. info@laundry-consultancy.com Kontaktieren Sie uns per Mail<\/p>\n","protected":false},"author":1,"featured_media":0,"parent":0,"menu_order":11,"comment_status":"closed","ping_status":"closed","template":"","meta":{"footnotes":""},"class_list":["post-3351","page","type-page","status-publish","hentry"],"yoast_head":"<!-- This site is optimized with the Yoast SEO plugin v27.4 - https:\/\/yoast.com\/product\/yoast-seo-wordpress\/ -->\n<title>W\u00e4schereiberatung Redmer Aarnink - Kontakt<\/title>\n<meta name=\"description\" content=\"F\u00fcr weitere Informationen zu unseren Beratungsleistungen f\u00fcr die W\u00e4schereibranche kontaktieren Sie uns bitte. info@laundry-consultancy.com\" \/>\n<meta name=\"robots\" content=\"index, follow, max-snippet:-1, max-image-preview:large, max-video-preview:-1\" \/>\n<link rel=\"canonical\" href=\"https:\/\/laundry-consultancy.com\/de\/kontakt\/\" \/>\n<meta property=\"og:locale\" content=\"de_DE\" \/>\n<meta property=\"og:type\" content=\"article\" \/>\n<meta property=\"og:title\" content=\"W\u00e4schereiberatung Redmer Aarnink - Kontakt\" \/>\n<meta property=\"og:description\" content=\"F\u00fcr weitere Informationen zu unseren Beratungsleistungen f\u00fcr die W\u00e4schereibranche kontaktieren Sie uns bitte. info@laundry-consultancy.com\" \/>\n<meta property=\"og:url\" content=\"https:\/\/laundry-consultancy.com\/de\/kontakt\/\" \/>\n<meta property=\"og:site_name\" content=\"Aarnink Laundry Consultancy\" \/>\n<meta property=\"article:modified_time\" content=\"2021-12-02T17:11:35+00:00\" \/>\n<meta property=\"og:image\" content=\"https:\/\/laundry-consultancy.com\/wp-content\/uploads\/2021\/10\/logo.svg\" \/>\n<meta name=\"twitter:card\" content=\"summary_large_image\" \/>\n<script type=\"application\/ld+json\" class=\"yoast-schema-graph\">{\"@context\":\"https:\\\/\\\/schema.org\",\"@graph\":[{\"@type\":\"WebPage\",\"@id\":\"https:\\\/\\\/laundry-consultancy.com\\\/de\\\/kontakt\\\/\",\"url\":\"https:\\\/\\\/laundry-consultancy.com\\\/de\\\/kontakt\\\/\",\"name\":\"W\u00e4schereiberatung Redmer Aarnink - Kontakt\",\"isPartOf\":{\"@id\":\"https:\\\/\\\/laundry-consultancy.com\\\/#website\"},\"primaryImageOfPage\":{\"@id\":\"https:\\\/\\\/laundry-consultancy.com\\\/de\\\/kontakt\\\/#primaryimage\"},\"image\":{\"@id\":\"https:\\\/\\\/laundry-consultancy.com\\\/de\\\/kontakt\\\/#primaryimage\"},\"thumbnailUrl\":\"https:\\\/\\\/laundry-consultancy.com\\\/wp-content\\\/uploads\\\/2021\\\/10\\\/logo.svg\",\"datePublished\":\"2021-10-13T15:56:50+00:00\",\"dateModified\":\"2021-12-02T17:11:35+00:00\",\"description\":\"F\u00fcr weitere Informationen zu unseren Beratungsleistungen f\u00fcr die W\u00e4schereibranche kontaktieren Sie uns bitte. info@laundry-consultancy.com\",\"breadcrumb\":{\"@id\":\"https:\\\/\\\/laundry-consultancy.com\\\/de\\\/kontakt\\\/#breadcrumb\"},\"inLanguage\":\"de\",\"potentialAction\":[{\"@type\":\"ReadAction\",\"target\":[\"https:\\\/\\\/laundry-consultancy.com\\\/de\\\/kontakt\\\/\"]}]},{\"@type\":\"ImageObject\",\"inLanguage\":\"de\",\"@id\":\"https:\\\/\\\/laundry-consultancy.com\\\/de\\\/kontakt\\\/#primaryimage\",\"url\":\"https:\\\/\\\/laundry-consultancy.com\\\/wp-content\\\/uploads\\\/2021\\\/10\\\/logo.svg\",\"contentUrl\":\"https:\\\/\\\/laundry-consultancy.com\\\/wp-content\\\/uploads\\\/2021\\\/10\\\/logo.svg\"},{\"@type\":\"BreadcrumbList\",\"@id\":\"https:\\\/\\\/laundry-consultancy.com\\\/de\\\/kontakt\\\/#breadcrumb\",\"itemListElement\":[{\"@type\":\"ListItem\",\"position\":1,\"name\":\"Home\",\"item\":\"https:\\\/\\\/laundry-consultancy.com\\\/de\\\/\"},{\"@type\":\"ListItem\",\"position\":2,\"name\":\"W\u00e4schereiberatung Redmer Aarnink &#8211; Kontakt\"}]},{\"@type\":\"WebSite\",\"@id\":\"https:\\\/\\\/laundry-consultancy.com\\\/#website\",\"url\":\"https:\\\/\\\/laundry-consultancy.com\\\/\",\"name\":\"Aarnink Laundry Consultancy\",\"description\":\"Laundry Expert\",\"publisher\":{\"@id\":\"https:\\\/\\\/laundry-consultancy.com\\\/#organization\"},\"potentialAction\":[{\"@type\":\"SearchAction\",\"target\":{\"@type\":\"EntryPoint\",\"urlTemplate\":\"https:\\\/\\\/laundry-consultancy.com\\\/?s={search_term_string}\"},\"query-input\":{\"@type\":\"PropertyValueSpecification\",\"valueRequired\":true,\"valueName\":\"search_term_string\"}}],\"inLanguage\":\"de\"},{\"@type\":\"Organization\",\"@id\":\"https:\\\/\\\/laundry-consultancy.com\\\/#organization\",\"name\":\"Aarnink Laundry Consultancy\",\"url\":\"https:\\\/\\\/laundry-consultancy.com\\\/\",\"logo\":{\"@type\":\"ImageObject\",\"inLanguage\":\"de\",\"@id\":\"https:\\\/\\\/laundry-consultancy.com\\\/#\\\/schema\\\/logo\\\/image\\\/\",\"url\":\"https:\\\/\\\/laundry-consultancy.com\\\/wp-content\\\/uploads\\\/2021\\\/10\\\/logo_small.png\",\"contentUrl\":\"https:\\\/\\\/laundry-consultancy.com\\\/wp-content\\\/uploads\\\/2021\\\/10\\\/logo_small.png\",\"width\":500,\"height\":182,\"caption\":\"Aarnink Laundry Consultancy\"},\"image\":{\"@id\":\"https:\\\/\\\/laundry-consultancy.com\\\/#\\\/schema\\\/logo\\\/image\\\/\"}}]}<\/script>\n<!-- \/ Yoast SEO plugin. -->","yoast_head_json":{"title":"W\u00e4schereiberatung Redmer Aarnink - Kontakt","description":"F\u00fcr weitere Informationen zu unseren Beratungsleistungen f\u00fcr die W\u00e4schereibranche kontaktieren Sie uns bitte. info@laundry-consultancy.com","robots":{"index":"index","follow":"follow","max-snippet":"max-snippet:-1","max-image-preview":"max-image-preview:large","max-video-preview":"max-video-preview:-1"},"canonical":"https:\/\/laundry-consultancy.com\/de\/kontakt\/","og_locale":"de_DE","og_type":"article","og_title":"W\u00e4schereiberatung Redmer Aarnink - Kontakt","og_description":"F\u00fcr weitere Informationen zu unseren Beratungsleistungen f\u00fcr die W\u00e4schereibranche kontaktieren Sie uns bitte. info@laundry-consultancy.com","og_url":"https:\/\/laundry-consultancy.com\/de\/kontakt\/","og_site_name":"Aarnink Laundry Consultancy","article_modified_time":"2021-12-02T17:11:35+00:00","og_image":[{"url":"https:\/\/laundry-consultancy.com\/wp-content\/uploads\/2021\/10\/logo.svg","type":"","width":"","height":""}],"twitter_card":"summary_large_image","schema":{"@context":"https:\/\/schema.org","@graph":[{"@type":"WebPage","@id":"https:\/\/laundry-consultancy.com\/de\/kontakt\/","url":"https:\/\/laundry-consultancy.com\/de\/kontakt\/","name":"W\u00e4schereiberatung Redmer Aarnink - Kontakt","isPartOf":{"@id":"https:\/\/laundry-consultancy.com\/#website"},"primaryImageOfPage":{"@id":"https:\/\/laundry-consultancy.com\/de\/kontakt\/#primaryimage"},"image":{"@id":"https:\/\/laundry-consultancy.com\/de\/kontakt\/#primaryimage"},"thumbnailUrl":"https:\/\/laundry-consultancy.com\/wp-content\/uploads\/2021\/10\/logo.svg","datePublished":"2021-10-13T15:56:50+00:00","dateModified":"2021-12-02T17:11:35+00:00","description":"F\u00fcr weitere Informationen zu unseren Beratungsleistungen f\u00fcr die W\u00e4schereibranche kontaktieren Sie uns bitte. info@laundry-consultancy.com","breadcrumb":{"@id":"https:\/\/laundry-consultancy.com\/de\/kontakt\/#breadcrumb"},"inLanguage":"de","potentialAction":[{"@type":"ReadAction","target":["https:\/\/laundry-consultancy.com\/de\/kontakt\/"]}]},{"@type":"ImageObject","inLanguage":"de","@id":"https:\/\/laundry-consultancy.com\/de\/kontakt\/#primaryimage","url":"https:\/\/laundry-consultancy.com\/wp-content\/uploads\/2021\/10\/logo.svg","contentUrl":"https:\/\/laundry-consultancy.com\/wp-content\/uploads\/2021\/10\/logo.svg"},{"@type":"BreadcrumbList","@id":"https:\/\/laundry-consultancy.com\/de\/kontakt\/#breadcrumb","itemListElement":[{"@type":"ListItem","position":1,"name":"Home","item":"https:\/\/laundry-consultancy.com\/de\/"},{"@type":"ListItem","position":2,"name":"W\u00e4schereiberatung Redmer Aarnink &#8211; Kontakt"}]},{"@type":"WebSite","@id":"https:\/\/laundry-consultancy.com\/#website","url":"https:\/\/laundry-consultancy.com\/","name":"Aarnink Laundry Consultancy","description":"Laundry Expert","publisher":{"@id":"https:\/\/laundry-consultancy.com\/#organization"},"potentialAction":[{"@type":"SearchAction","target":{"@type":"EntryPoint","urlTemplate":"https:\/\/laundry-consultancy.com\/?s={search_term_string}"},"query-input":{"@type":"PropertyValueSpecification","valueRequired":true,"valueName":"search_term_string"}}],"inLanguage":"de"},{"@type":"Organization","@id":"https:\/\/laundry-consultancy.com\/#organization","name":"Aarnink Laundry Consultancy","url":"https:\/\/laundry-consultancy.com\/","logo":{"@type":"ImageObject","inLanguage":"de","@id":"https:\/\/laundry-consultancy.com\/#\/schema\/logo\/image\/","url":"https:\/\/laundry-consultancy.com\/wp-content\/uploads\/2021\/10\/logo_small.png","contentUrl":"https:\/\/laundry-consultancy.com\/wp-content\/uploads\/2021\/10\/logo_small.png","width":500,"height":182,"caption":"Aarnink Laundry Consultancy"},"image":{"@id":"https:\/\/laundry-consultancy.com\/#\/schema\/logo\/image\/"}}]}},"_links":{"self":[{"href":"https:\/\/laundry-consultancy.com\/de\/wp-json\/wp\/v2\/pages\/3351","targetHints":{"allow":["GET"]}}],"collection":[{"href":"https:\/\/laundry-consultancy.com\/de\/wp-json\/wp\/v2\/pages"}],"about":[{"href":"https:\/\/laundry-consultancy.com\/de\/wp-json\/wp\/v2\/types\/page"}],"author":[{"embeddable":true,"href":"https:\/\/laundry-consultancy.com\/de\/wp-json\/wp\/v2\/users\/1"}],"replies":[{"embeddable":true,"href":"https:\/\/laundry-consultancy.com\/de\/wp-json\/wp\/v2\/comments?post=3351"}],"version-history":[{"count":0,"href":"https:\/\/laundry-consultancy.com\/de\/wp-json\/wp\/v2\/pages\/3351\/revisions"}],"wp:attachment":[{"href":"https:\/\/laundry-consultancy.com\/de\/wp-json\/wp\/v2\/media?parent=3351"}],"curies":[{"name":"wp","href":"https:\/\/api.w.org\/{rel}","templated":true}]}}