{"id":4357,"date":"2022-02-25T16:51:54","date_gmt":"2022-02-25T15:51:54","guid":{"rendered":"https:\/\/laundry-consultancy.com\/quickscan-industrial-laundry-services\/"},"modified":"2022-02-26T10:21:26","modified_gmt":"2022-02-26T09:21:26","slug":"quickscan-industrial-laundry-services","status":"publish","type":"page","link":"https:\/\/laundry-consultancy.com\/de\/quickscan-industrial-laundry-services\/","title":{"rendered":"Get a quickscan to improve your ROI"},"content":{"rendered":"\t\t<div data-elementor-type=\"wp-page\" data-elementor-id=\"4357\" class=\"elementor elementor-4357 elementor-4347\" data-elementor-post-type=\"page\">\n\t\t\t\t\t\t<section class=\"elementor-section elementor-top-section elementor-element elementor-element-5923036a elementor-section-full_width elementor-section-height-default elementor-section-height-default\" data-id=\"5923036a\" data-element_type=\"section\" data-e-type=\"section\" data-settings=\"{&quot;background_background&quot;:&quot;classic&quot;}\">\n\t\t\t\t\t\t\t<div class=\"elementor-background-overlay\"><\/div>\n\t\t\t\t\t\t\t<div class=\"elementor-container elementor-column-gap-default\">\n\t\t\t\t\t<div class=\"elementor-column elementor-col-100 elementor-top-column elementor-element elementor-element-45187492\" data-id=\"45187492\" data-element_type=\"column\" data-e-type=\"column\" data-settings=\"{&quot;background_background&quot;:&quot;classic&quot;}\">\n\t\t\t<div class=\"elementor-widget-wrap elementor-element-populated\">\n\t\t\t\t\t\t<div class=\"elementor-element elementor-element-4a39191b elementor-widget elementor-widget-text-editor\" data-id=\"4a39191b\" data-element_type=\"widget\" data-e-type=\"widget\" data-widget_type=\"text-editor.default\">\n\t\t\t\t<div class=\"elementor-widget-container\">\n\t\t\t\t\t\t\t\t\t<p>Quickscan<\/p>\t\t\t\t\t\t\t\t<\/div>\n\t\t\t\t<\/div>\n\t\t\t\t<div class=\"elementor-element elementor-element-9ed343d elementor-widget elementor-widget-text-editor\" data-id=\"9ed343d\" data-element_type=\"widget\" data-e-type=\"widget\" data-widget_type=\"text-editor.default\">\n\t\t\t\t<div class=\"elementor-widget-container\">\n\t\t\t\t\t\t\t\t\t<h2><span style=\"color: #ffffff;\">Forderen Sie einen kostenlose QuickScan an<br \/><\/span><\/h2>\t\t\t\t\t\t\t\t<\/div>\n\t\t\t\t<\/div>\n\t\t\t\t\t<\/div>\n\t\t<\/div>\n\t\t\t\t\t<\/div>\n\t\t<\/section>\n\t\t\t\t<section class=\"elementor-section elementor-top-section elementor-element elementor-element-d90b24f elementor-section-boxed elementor-section-height-default elementor-section-height-default\" data-id=\"d90b24f\" data-element_type=\"section\" data-e-type=\"section\">\n\t\t\t\t\t\t<div class=\"elementor-container elementor-column-gap-default\">\n\t\t\t\t\t<div class=\"elementor-column elementor-col-100 elementor-top-column elementor-element elementor-element-2fd8d52\" data-id=\"2fd8d52\" data-element_type=\"column\" data-e-type=\"column\">\n\t\t\t<div class=\"elementor-widget-wrap elementor-element-populated\">\n\t\t\t\t\t\t<div class=\"elementor-element elementor-element-36766a9 elementor-widget elementor-widget-text-editor\" data-id=\"36766a9\" data-element_type=\"widget\" data-e-type=\"widget\" data-widget_type=\"text-editor.default\">\n\t\t\t\t<div class=\"elementor-widget-container\">\n\t\t\t\t\t\t\t\t\t<h1>Mit ein Quickscan verbessern Sie den Gewinn.<\/h1>\t\t\t\t\t\t\t\t<\/div>\n\t\t\t\t<\/div>\n\t\t\t\t\t<\/div>\n\t\t<\/div>\n\t\t\t\t\t<\/div>\n\t\t<\/section>\n\t\t\t\t<section class=\"elementor-section elementor-top-section elementor-element elementor-element-016468f elementor-section-boxed elementor-section-height-default elementor-section-height-default\" data-id=\"016468f\" data-element_type=\"section\" data-e-type=\"section\">\n\t\t\t\t\t\t<div class=\"elementor-container elementor-column-gap-default\">\n\t\t\t\t\t<div class=\"elementor-column elementor-col-100 elementor-top-column elementor-element elementor-element-6a9db7a\" data-id=\"6a9db7a\" data-element_type=\"column\" data-e-type=\"column\">\n\t\t\t<div class=\"elementor-widget-wrap elementor-element-populated\">\n\t\t\t\t\t\t<div class=\"elementor-element elementor-element-e84329a elementor-widget elementor-widget-text-editor\" data-id=\"e84329a\" data-element_type=\"widget\" data-e-type=\"widget\" data-widget_type=\"text-editor.default\">\n\t\t\t\t<div class=\"elementor-widget-container\">\n\t\t\t\t\t\t\t\t\t<p style=\"text-align: center;\">Durch der Quickscan erhalten Sie klare Einblicke in die ROI-Verbesserung potentialen.<\/p>\t\t\t\t\t\t\t\t<\/div>\n\t\t\t\t<\/div>\n\t\t\t\t\t<\/div>\n\t\t<\/div>\n\t\t\t\t\t<\/div>\n\t\t<\/section>\n\t\t\t\t<section class=\"elementor-section elementor-top-section elementor-element elementor-element-992d017 elementor-section-boxed elementor-section-height-default elementor-section-height-default\" data-id=\"992d017\" data-element_type=\"section\" data-e-type=\"section\">\n\t\t\t\t\t\t<div class=\"elementor-container elementor-column-gap-default\">\n\t\t\t\t\t<div class=\"elementor-column elementor-col-50 elementor-top-column elementor-element elementor-element-8b3cc09\" data-id=\"8b3cc09\" data-element_type=\"column\" data-e-type=\"column\">\n\t\t\t<div class=\"elementor-widget-wrap elementor-element-populated\">\n\t\t\t\t\t\t<div class=\"elementor-element elementor-element-fcf843d elementor-widget elementor-widget-heading\" data-id=\"fcf843d\" data-element_type=\"widget\" data-e-type=\"widget\" data-widget_type=\"heading.default\">\n\t\t\t\t<div class=\"elementor-widget-container\">\n\t\t\t\t\t<h2 class=\"elementor-heading-title elementor-size-default\">Mit einem Quickscan haben sie Einblick in Verbesserungen ohne Investition.<\/h2>\t\t\t\t<\/div>\n\t\t\t\t<\/div>\n\t\t\t\t<div class=\"elementor-element elementor-element-2a8e420 elementor-widget elementor-widget-text-editor\" data-id=\"2a8e420\" data-element_type=\"widget\" data-e-type=\"widget\" data-widget_type=\"text-editor.default\">\n\t\t\t\t<div class=\"elementor-widget-container\">\n\t\t\t\t\t\t\t\t\t<p>Fordern Sie einen unverbindlichen QuickScan an<\/p><p>Aarnink Laundry Consultancy verf\u00fcgt \u00fcber langj\u00e4hrige Erfahrung bei der Umsetzung von Verbesserungen in W\u00e4schereien weltweit.<\/p><p>Einer der Vorteile, die Aarnink Laundry Consultancy anstrebt, ist eine schnellere Kapitalrendite (ROI).<\/p><p>Aber auch ohne Investitionen werden in der Regel gro\u00dfe Vorteile erzielt.<\/p><p>Registrieren Sie sich direkt f\u00fcr einen kostenlosen QuickScan oder rufen Sie an<\/p><p>Redmer Arnink 0031 625 191 347<\/p>\t\t\t\t\t\t\t\t<\/div>\n\t\t\t\t<\/div>\n\t\t\t\t\t<\/div>\n\t\t<\/div>\n\t\t\t\t<div class=\"elementor-column elementor-col-50 elementor-top-column elementor-element elementor-element-317ac37\" data-id=\"317ac37\" data-element_type=\"column\" data-e-type=\"column\" data-settings=\"{&quot;background_background&quot;:&quot;classic&quot;}\">\n\t\t\t<div class=\"elementor-widget-wrap\">\n\t\t\t\t\t\t\t<\/div>\n\t\t<\/div>\n\t\t\t\t\t<\/div>\n\t\t<\/section>\n\t\t\t\t<section class=\"elementor-section elementor-top-section elementor-element elementor-element-5dbfdf5 elementor-section-boxed elementor-section-height-default elementor-section-height-default\" data-id=\"5dbfdf5\" data-element_type=\"section\" data-e-type=\"section\">\n\t\t\t\t\t\t<div class=\"elementor-container elementor-column-gap-default\">\n\t\t\t\t\t<div class=\"elementor-column elementor-col-100 elementor-top-column elementor-element elementor-element-fe1a387\" data-id=\"fe1a387\" data-element_type=\"column\" data-e-type=\"column\">\n\t\t\t<div class=\"elementor-widget-wrap elementor-element-populated\">\n\t\t\t\t\t\t<div class=\"elementor-element elementor-element-f1dabae elementor-widget elementor-widget-text-editor\" data-id=\"f1dabae\" data-element_type=\"widget\" data-e-type=\"widget\" data-widget_type=\"text-editor.default\">\n\t\t\t\t<div class=\"elementor-widget-container\">\n\t\t\t\t\t\t\t\t\t<h1 style=\"text-align: center;\">Mehr gewinn?<\/h1>\t\t\t\t\t\t\t\t<\/div>\n\t\t\t\t<\/div>\n\t\t\t\t\t<\/div>\n\t\t<\/div>\n\t\t\t\t\t<\/div>\n\t\t<\/section>\n\t\t\t\t<section class=\"elementor-section elementor-top-section elementor-element elementor-element-ddcc962 elementor-section-boxed elementor-section-height-default elementor-section-height-default\" data-id=\"ddcc962\" data-element_type=\"section\" data-e-type=\"section\">\n\t\t\t\t\t\t<div class=\"elementor-container elementor-column-gap-default\">\n\t\t\t\t\t<div class=\"elementor-column elementor-col-100 elementor-top-column elementor-element elementor-element-579a4dc\" data-id=\"579a4dc\" data-element_type=\"column\" data-e-type=\"column\">\n\t\t\t<div class=\"elementor-widget-wrap elementor-element-populated\">\n\t\t\t\t\t\t<div class=\"elementor-element elementor-element-d57d36a elementor-widget elementor-widget-text-editor\" data-id=\"d57d36a\" data-element_type=\"widget\" data-e-type=\"widget\" data-widget_type=\"text-editor.default\">\n\t\t\t\t<div class=\"elementor-widget-container\">\n\t\t\t\t\t\t\t\t\t<p style=\"text-align: center;\">Kontaktieren Sie uns f\u00fcr einen detaillierten Produktivit\u00e4tsscan Ihrer industriellen W\u00e4scherei. Aarnink Laundry Consultancy garantiert eine erhebliche Produktivit\u00e4tssteigerung. Sei es durch Schulungen, Umgestaltungen, Transport- oder Energieeinsparungen oder Optimierung der Logistik.<\/p>\t\t\t\t\t\t\t\t<\/div>\n\t\t\t\t<\/div>\n\t\t\t\t\t<\/div>\n\t\t<\/div>\n\t\t\t\t\t<\/div>\n\t\t<\/section>\n\t\t\t\t<section class=\"elementor-section elementor-top-section elementor-element elementor-element-70db1b0 elementor-section-boxed elementor-section-height-default elementor-section-height-default\" data-id=\"70db1b0\" data-element_type=\"section\" data-e-type=\"section\">\n\t\t\t\t\t\t<div class=\"elementor-container elementor-column-gap-default\">\n\t\t\t\t\t<div class=\"elementor-column elementor-col-50 elementor-top-column elementor-element elementor-element-ac57caf\" data-id=\"ac57caf\" data-element_type=\"column\" data-e-type=\"column\" data-settings=\"{&quot;background_background&quot;:&quot;classic&quot;}\">\n\t\t\t<div class=\"elementor-widget-wrap\">\n\t\t\t\t\t\t\t<\/div>\n\t\t<\/div>\n\t\t\t\t<div class=\"elementor-column elementor-col-50 elementor-top-column elementor-element elementor-element-a02e980\" data-id=\"a02e980\" data-element_type=\"column\" data-e-type=\"column\" data-settings=\"{&quot;background_background&quot;:&quot;classic&quot;}\">\n\t\t\t<div class=\"elementor-widget-wrap elementor-element-populated\">\n\t\t\t\t\t\t<div class=\"elementor-element elementor-element-6d9adbe elementor-widget elementor-widget-text-editor\" data-id=\"6d9adbe\" data-element_type=\"widget\" data-e-type=\"widget\" data-widget_type=\"text-editor.default\">\n\t\t\t\t<div class=\"elementor-widget-container\">\n\t\t\t\t\t\t\t\t\t<h2>Kontaktieren Sie uns per Mail<\/h2>\t\t\t\t\t\t\t\t<\/div>\n\t\t\t\t<\/div>\n\t\t\t\t<div class=\"elementor-element elementor-element-7f20e21 elementor-widget elementor-widget-shortcode\" data-id=\"7f20e21\" data-element_type=\"widget\" data-e-type=\"widget\" data-widget_type=\"shortcode.default\">\n\t\t\t\t<div class=\"elementor-widget-container\">\n\t\t\t\t\t\t\t<div class=\"elementor-shortcode\"><div class=\"wpforms-container wpforms-container-full\" id=\"wpforms-102\"><form id=\"wpforms-form-102\" class=\"wpforms-validate wpforms-form wpforms-ajax-form\" data-formid=\"102\" method=\"post\" enctype=\"multipart\/form-data\" action=\"\/de\/wp-json\/wp\/v2\/pages\/4357\" data-token=\"496704f822e4250eb0550c489323eacc\" data-token-time=\"1777281506\"><noscript class=\"wpforms-error-noscript\">Bitte aktiviere JavaScript in deinem Browser, um dieses Formular fertigzustellen.<\/noscript><div class=\"wpforms-field-container\"><div id=\"wpforms-102-field_0-container\" class=\"wpforms-field wpforms-field-name\" data-field-id=\"0\"><label class=\"wpforms-field-label wpforms-label-hide\" for=\"wpforms-102-field_0\">Name <span class=\"wpforms-required-label\">*<\/span><\/label><input type=\"text\" id=\"wpforms-102-field_0\" class=\"wpforms-field-medium wpforms-field-required\" name=\"wpforms[fields][0]\" placeholder=\"Name*\" required><\/div><div id=\"wpforms-102-field_1-container\" class=\"wpforms-field wpforms-field-email\" data-field-id=\"1\"><label class=\"wpforms-field-label wpforms-label-hide\" for=\"wpforms-102-field_1\">Email <span class=\"wpforms-required-label\">*<\/span><\/label><input type=\"email\" id=\"wpforms-102-field_1\" class=\"wpforms-field-medium wpforms-field-required\" name=\"wpforms[fields][1]\" placeholder=\"Email*\" spellcheck=\"false\" required><\/div><div id=\"wpforms-102-field_3-container\" class=\"wpforms-field wpforms-field-number\" data-field-id=\"3\"><label class=\"wpforms-field-label wpforms-label-hide\" for=\"wpforms-102-field_3\">Phone Number<\/label><input type=\"number\" id=\"wpforms-102-field_3\" class=\"wpforms-field-medium\" name=\"wpforms[fields][3]\" placeholder=\"Phone number\" step=\"any\" ><\/div><div id=\"wpforms-102-field_2-container\" class=\"wpforms-field wpforms-field-textarea\" data-field-id=\"2\"><label class=\"wpforms-field-label wpforms-label-hide\" for=\"wpforms-102-field_2\">Comment or Message <span class=\"wpforms-required-label\">*<\/span><\/label><textarea id=\"wpforms-102-field_2\" class=\"wpforms-field-medium wpforms-field-required\" name=\"wpforms[fields][2]\" placeholder=\"Question or Message*\" required><\/textarea><\/div><\/div><!-- .wpforms-field-container --><div class=\"wpforms-recaptcha-container wpforms-is-recaptcha wpforms-is-recaptcha-type-v3\" ><input type=\"hidden\" name=\"wpforms[recaptcha]\" value=\"\"><\/div><div class=\"wpforms-submit-container\" ><input type=\"hidden\" name=\"wpforms[id]\" value=\"102\"><input type=\"hidden\" name=\"page_title\" value=\"\"><input type=\"hidden\" name=\"page_url\" value=\"https:\/\/laundry-consultancy.com\/de\/wp-json\/wp\/v2\/pages\/4357\"><input type=\"hidden\" name=\"url_referer\" value=\"\"><button type=\"submit\" name=\"wpforms[submit]\" id=\"wpforms-submit-102\" class=\"wpforms-submit\" data-alt-text=\"Sending...\" data-submit-text=\"Submit\" aria-live=\"assertive\" value=\"wpforms-submit\">Submit<\/button><img decoding=\"async\" src=\"https:\/\/laundry-consultancy.com\/wp-content\/plugins\/wpforms-lite\/assets\/images\/submit-spin.svg\" class=\"wpforms-submit-spinner\" style=\"display: none;\" width=\"26\" height=\"26\" alt=\"Wird geladen\"><\/div><\/form><\/div>  <!-- .wpforms-container --><\/div>\n\t\t\t\t\t\t<\/div>\n\t\t\t\t<\/div>\n\t\t\t\t\t<\/div>\n\t\t<\/div>\n\t\t\t\t\t<\/div>\n\t\t<\/section>\n\t\t\t\t<\/div>\n\t\t","protected":false},"excerpt":{"rendered":"<p>Quickscan Forderen Sie einen kostenlose QuickScan an Mit ein Quickscan verbessern Sie den Gewinn. Durch der Quickscan erhalten Sie klare Einblicke in die ROI-Verbesserung potentialen. Mit einem Quickscan haben sie Einblick in Verbesserungen ohne Investition. Fordern Sie einen unverbindlichen QuickScan an Aarnink Laundry Consultancy verf\u00fcgt \u00fcber langj\u00e4hrige Erfahrung bei der Umsetzung von Verbesserungen in W\u00e4schereien [&hellip;]<\/p>\n","protected":false},"author":1,"featured_media":0,"parent":0,"menu_order":3,"comment_status":"closed","ping_status":"closed","template":"","meta":{"footnotes":""},"class_list":["post-4357","page","type-page","status-publish","hentry"],"yoast_head":"<!-- This site is optimized with the Yoast SEO plugin v27.4 - https:\/\/yoast.com\/product\/yoast-seo-wordpress\/ -->\n<title>Get a quickscan to improve your ROI<\/title>\n<meta name=\"description\" content=\"Request our free Quickscan without any further obligations for your Industrial Laundry business and get clear insights on ROI improvement.\" \/>\n<meta name=\"robots\" content=\"index, follow, max-snippet:-1, max-image-preview:large, max-video-preview:-1\" \/>\n<link rel=\"canonical\" href=\"https:\/\/laundry-consultancy.com\/de\/quickscan-industrial-laundry-services\/\" \/>\n<meta property=\"og:locale\" content=\"de_DE\" \/>\n<meta property=\"og:type\" content=\"article\" \/>\n<meta property=\"og:title\" content=\"Get a quickscan to improve your ROI\" \/>\n<meta property=\"og:description\" content=\"Request our free Quickscan without any further obligations for your Industrial Laundry business and get clear insights on ROI improvement.\" \/>\n<meta property=\"og:url\" content=\"https:\/\/laundry-consultancy.com\/de\/quickscan-industrial-laundry-services\/\" \/>\n<meta property=\"og:site_name\" content=\"Aarnink Laundry Consultancy\" \/>\n<meta property=\"article:modified_time\" content=\"2022-02-26T09:21:26+00:00\" \/>\n<meta name=\"twitter:card\" content=\"summary_large_image\" \/>\n<meta name=\"twitter:label1\" content=\"Gesch\u00e4tzte Lesezeit\" \/>\n\t<meta name=\"twitter:data1\" content=\"1\u00a0Minute\" \/>\n<script type=\"application\/ld+json\" class=\"yoast-schema-graph\">{\"@context\":\"https:\\\/\\\/schema.org\",\"@graph\":[{\"@type\":\"WebPage\",\"@id\":\"https:\\\/\\\/laundry-consultancy.com\\\/de\\\/quickscan-industrial-laundry-services\\\/\",\"url\":\"https:\\\/\\\/laundry-consultancy.com\\\/de\\\/quickscan-industrial-laundry-services\\\/\",\"name\":\"Get a quickscan to improve your ROI\",\"isPartOf\":{\"@id\":\"https:\\\/\\\/laundry-consultancy.com\\\/#website\"},\"datePublished\":\"2022-02-25T15:51:54+00:00\",\"dateModified\":\"2022-02-26T09:21:26+00:00\",\"description\":\"Request our free Quickscan without any further obligations for your Industrial Laundry business and get clear insights on ROI improvement.\",\"breadcrumb\":{\"@id\":\"https:\\\/\\\/laundry-consultancy.com\\\/de\\\/quickscan-industrial-laundry-services\\\/#breadcrumb\"},\"inLanguage\":\"de\",\"potentialAction\":[{\"@type\":\"ReadAction\",\"target\":[\"https:\\\/\\\/laundry-consultancy.com\\\/de\\\/quickscan-industrial-laundry-services\\\/\"]}]},{\"@type\":\"BreadcrumbList\",\"@id\":\"https:\\\/\\\/laundry-consultancy.com\\\/de\\\/quickscan-industrial-laundry-services\\\/#breadcrumb\",\"itemListElement\":[{\"@type\":\"ListItem\",\"position\":1,\"name\":\"Home\",\"item\":\"https:\\\/\\\/laundry-consultancy.com\\\/de\\\/\"},{\"@type\":\"ListItem\",\"position\":2,\"name\":\"Get a quickscan to improve your ROI\"}]},{\"@type\":\"WebSite\",\"@id\":\"https:\\\/\\\/laundry-consultancy.com\\\/#website\",\"url\":\"https:\\\/\\\/laundry-consultancy.com\\\/\",\"name\":\"Aarnink Laundry Consultancy\",\"description\":\"Laundry Expert\",\"publisher\":{\"@id\":\"https:\\\/\\\/laundry-consultancy.com\\\/#organization\"},\"potentialAction\":[{\"@type\":\"SearchAction\",\"target\":{\"@type\":\"EntryPoint\",\"urlTemplate\":\"https:\\\/\\\/laundry-consultancy.com\\\/?s={search_term_string}\"},\"query-input\":{\"@type\":\"PropertyValueSpecification\",\"valueRequired\":true,\"valueName\":\"search_term_string\"}}],\"inLanguage\":\"de\"},{\"@type\":\"Organization\",\"@id\":\"https:\\\/\\\/laundry-consultancy.com\\\/#organization\",\"name\":\"Aarnink Laundry Consultancy\",\"url\":\"https:\\\/\\\/laundry-consultancy.com\\\/\",\"logo\":{\"@type\":\"ImageObject\",\"inLanguage\":\"de\",\"@id\":\"https:\\\/\\\/laundry-consultancy.com\\\/#\\\/schema\\\/logo\\\/image\\\/\",\"url\":\"https:\\\/\\\/laundry-consultancy.com\\\/wp-content\\\/uploads\\\/2021\\\/10\\\/logo_small.png\",\"contentUrl\":\"https:\\\/\\\/laundry-consultancy.com\\\/wp-content\\\/uploads\\\/2021\\\/10\\\/logo_small.png\",\"width\":500,\"height\":182,\"caption\":\"Aarnink Laundry Consultancy\"},\"image\":{\"@id\":\"https:\\\/\\\/laundry-consultancy.com\\\/#\\\/schema\\\/logo\\\/image\\\/\"}}]}<\/script>\n<!-- \/ Yoast SEO plugin. -->","yoast_head_json":{"title":"Get a quickscan to improve your ROI","description":"Request our free Quickscan without any further obligations for your Industrial Laundry business and get clear insights on ROI improvement.","robots":{"index":"index","follow":"follow","max-snippet":"max-snippet:-1","max-image-preview":"max-image-preview:large","max-video-preview":"max-video-preview:-1"},"canonical":"https:\/\/laundry-consultancy.com\/de\/quickscan-industrial-laundry-services\/","og_locale":"de_DE","og_type":"article","og_title":"Get a quickscan to improve your ROI","og_description":"Request our free Quickscan without any further obligations for your Industrial Laundry business and get clear insights on ROI improvement.","og_url":"https:\/\/laundry-consultancy.com\/de\/quickscan-industrial-laundry-services\/","og_site_name":"Aarnink Laundry Consultancy","article_modified_time":"2022-02-26T09:21:26+00:00","twitter_card":"summary_large_image","twitter_misc":{"Gesch\u00e4tzte Lesezeit":"1\u00a0Minute"},"schema":{"@context":"https:\/\/schema.org","@graph":[{"@type":"WebPage","@id":"https:\/\/laundry-consultancy.com\/de\/quickscan-industrial-laundry-services\/","url":"https:\/\/laundry-consultancy.com\/de\/quickscan-industrial-laundry-services\/","name":"Get a quickscan to improve your ROI","isPartOf":{"@id":"https:\/\/laundry-consultancy.com\/#website"},"datePublished":"2022-02-25T15:51:54+00:00","dateModified":"2022-02-26T09:21:26+00:00","description":"Request our free Quickscan without any further obligations for your Industrial Laundry business and get clear insights on ROI improvement.","breadcrumb":{"@id":"https:\/\/laundry-consultancy.com\/de\/quickscan-industrial-laundry-services\/#breadcrumb"},"inLanguage":"de","potentialAction":[{"@type":"ReadAction","target":["https:\/\/laundry-consultancy.com\/de\/quickscan-industrial-laundry-services\/"]}]},{"@type":"BreadcrumbList","@id":"https:\/\/laundry-consultancy.com\/de\/quickscan-industrial-laundry-services\/#breadcrumb","itemListElement":[{"@type":"ListItem","position":1,"name":"Home","item":"https:\/\/laundry-consultancy.com\/de\/"},{"@type":"ListItem","position":2,"name":"Get a quickscan to improve your ROI"}]},{"@type":"WebSite","@id":"https:\/\/laundry-consultancy.com\/#website","url":"https:\/\/laundry-consultancy.com\/","name":"Aarnink Laundry Consultancy","description":"Laundry Expert","publisher":{"@id":"https:\/\/laundry-consultancy.com\/#organization"},"potentialAction":[{"@type":"SearchAction","target":{"@type":"EntryPoint","urlTemplate":"https:\/\/laundry-consultancy.com\/?s={search_term_string}"},"query-input":{"@type":"PropertyValueSpecification","valueRequired":true,"valueName":"search_term_string"}}],"inLanguage":"de"},{"@type":"Organization","@id":"https:\/\/laundry-consultancy.com\/#organization","name":"Aarnink Laundry Consultancy","url":"https:\/\/laundry-consultancy.com\/","logo":{"@type":"ImageObject","inLanguage":"de","@id":"https:\/\/laundry-consultancy.com\/#\/schema\/logo\/image\/","url":"https:\/\/laundry-consultancy.com\/wp-content\/uploads\/2021\/10\/logo_small.png","contentUrl":"https:\/\/laundry-consultancy.com\/wp-content\/uploads\/2021\/10\/logo_small.png","width":500,"height":182,"caption":"Aarnink Laundry Consultancy"},"image":{"@id":"https:\/\/laundry-consultancy.com\/#\/schema\/logo\/image\/"}}]}},"_links":{"self":[{"href":"https:\/\/laundry-consultancy.com\/de\/wp-json\/wp\/v2\/pages\/4357","targetHints":{"allow":["GET"]}}],"collection":[{"href":"https:\/\/laundry-consultancy.com\/de\/wp-json\/wp\/v2\/pages"}],"about":[{"href":"https:\/\/laundry-consultancy.com\/de\/wp-json\/wp\/v2\/types\/page"}],"author":[{"embeddable":true,"href":"https:\/\/laundry-consultancy.com\/de\/wp-json\/wp\/v2\/users\/1"}],"replies":[{"embeddable":true,"href":"https:\/\/laundry-consultancy.com\/de\/wp-json\/wp\/v2\/comments?post=4357"}],"version-history":[{"count":0,"href":"https:\/\/laundry-consultancy.com\/de\/wp-json\/wp\/v2\/pages\/4357\/revisions"}],"wp:attachment":[{"href":"https:\/\/laundry-consultancy.com\/de\/wp-json\/wp\/v2\/media?parent=4357"}],"curies":[{"name":"wp","href":"https:\/\/api.w.org\/{rel}","templated":true}]}}