{"id":4453,"date":"2022-03-05T16:14:56","date_gmt":"2022-03-05T15:14:56","guid":{"rendered":"https:\/\/laundry-consultancy.com\/?page_id=4453"},"modified":"2022-03-22T11:19:24","modified_gmt":"2022-03-22T10:19:24","slug":"waescherei-business-news","status":"publish","type":"page","link":"https:\/\/laundry-consultancy.com\/de\/waescherei-business-news\/","title":{"rendered":"Neuigkeiten aus der W\u00e4schereibranche"},"content":{"rendered":"\t\t<div data-elementor-type=\"wp-page\" data-elementor-id=\"4453\" class=\"elementor elementor-4453 elementor-4452\" data-elementor-post-type=\"page\">\n\t\t\t\t\t\t<section class=\"elementor-section elementor-top-section elementor-element elementor-element-5923036a elementor-section-full_width elementor-section-height-default elementor-section-height-default\" data-id=\"5923036a\" data-element_type=\"section\" data-e-type=\"section\" data-settings=\"{&quot;background_background&quot;:&quot;classic&quot;}\">\n\t\t\t\t\t\t\t<div class=\"elementor-background-overlay\"><\/div>\n\t\t\t\t\t\t\t<div class=\"elementor-container elementor-column-gap-default\">\n\t\t\t\t\t<div class=\"elementor-column elementor-col-100 elementor-top-column elementor-element elementor-element-45187492\" data-id=\"45187492\" data-element_type=\"column\" data-e-type=\"column\" data-settings=\"{&quot;background_background&quot;:&quot;classic&quot;}\">\n\t\t\t<div class=\"elementor-widget-wrap elementor-element-populated\">\n\t\t\t\t\t\t<div class=\"elementor-element elementor-element-4a39191b elementor-widget elementor-widget-text-editor\" data-id=\"4a39191b\" data-element_type=\"widget\" data-e-type=\"widget\" data-widget_type=\"text-editor.default\">\n\t\t\t\t<div class=\"elementor-widget-container\">\n\t\t\t\t\t\t\t\t\t<p>Die neusten Nachrichten<\/p>\t\t\t\t\t\t\t\t<\/div>\n\t\t\t\t<\/div>\n\t\t\t\t<div class=\"elementor-element elementor-element-9ed343d elementor-widget elementor-widget-text-editor\" data-id=\"9ed343d\" data-element_type=\"widget\" data-e-type=\"widget\" data-widget_type=\"text-editor.default\">\n\t\t\t\t<div class=\"elementor-widget-container\">\n\t\t\t\t\t\t\t\t\t<h2><span style=\"color: #ffffff;\" data-mce-style=\"color: #ffffff;\">Die neusten Nachrichten articles<\/span><\/h2>\t\t\t\t\t\t\t\t<\/div>\n\t\t\t\t<\/div>\n\t\t\t\t\t<\/div>\n\t\t<\/div>\n\t\t\t\t\t<\/div>\n\t\t<\/section>\n\t\t\t\t<section class=\"elementor-section elementor-top-section elementor-element elementor-element-d90b24f elementor-section-boxed elementor-section-height-default elementor-section-height-default\" data-id=\"d90b24f\" data-element_type=\"section\" data-e-type=\"section\">\n\t\t\t\t\t\t<div class=\"elementor-container elementor-column-gap-default\">\n\t\t\t\t\t<div class=\"elementor-column elementor-col-100 elementor-top-column elementor-element elementor-element-2fd8d52\" data-id=\"2fd8d52\" data-element_type=\"column\" data-e-type=\"column\">\n\t\t\t<div class=\"elementor-widget-wrap elementor-element-populated\">\n\t\t\t\t\t\t<div class=\"elementor-element elementor-element-36766a9 elementor-widget elementor-widget-text-editor\" data-id=\"36766a9\" data-element_type=\"widget\" data-e-type=\"widget\" data-widget_type=\"text-editor.default\">\n\t\t\t\t<div class=\"elementor-widget-container\">\n\t\t\t\t\t\t\t\t\t<h1>Neuigkeiten aus der W\u00e4schereibranche<\/h1>\t\t\t\t\t\t\t\t<\/div>\n\t\t\t\t<\/div>\n\t\t\t\t\t<\/div>\n\t\t<\/div>\n\t\t\t\t\t<\/div>\n\t\t<\/section>\n\t\t\t\t<section class=\"elementor-section elementor-top-section elementor-element elementor-element-016468f elementor-section-boxed elementor-section-height-default elementor-section-height-default\" data-id=\"016468f\" data-element_type=\"section\" data-e-type=\"section\">\n\t\t\t\t\t\t<div class=\"elementor-container elementor-column-gap-default\">\n\t\t\t\t\t<div class=\"elementor-column elementor-col-100 elementor-top-column elementor-element elementor-element-6a9db7a\" data-id=\"6a9db7a\" data-element_type=\"column\" data-e-type=\"column\">\n\t\t\t<div class=\"elementor-widget-wrap elementor-element-populated\">\n\t\t\t\t\t\t<div class=\"elementor-element elementor-element-e84329a elementor-widget elementor-widget-text-editor\" data-id=\"e84329a\" data-element_type=\"widget\" data-e-type=\"widget\" data-widget_type=\"text-editor.default\">\n\t\t\t\t<div class=\"elementor-widget-container\">\n\t\t\t\t\t\t\t\t\t<p style=\"text-align: center;\">Als Unternehmensberater f\u00fcr W\u00e4schereien ver\u00f6ffentliche ich h\u00e4ufig Artikel und Neuigkeiten, die f\u00fcr das Gesch\u00e4ft relevant sind. Lesen Sie hier meine neusten Artikel!<\/p>\t\t\t\t\t\t\t\t<\/div>\n\t\t\t\t<\/div>\n\t\t\t\t\t<\/div>\n\t\t<\/div>\n\t\t\t\t\t<\/div>\n\t\t<\/section>\n\t\t\t\t<section class=\"elementor-section elementor-top-section elementor-element elementor-element-4bb8fb2 elementor-section-boxed elementor-section-height-default elementor-section-height-default\" data-id=\"4bb8fb2\" data-element_type=\"section\" data-e-type=\"section\">\n\t\t\t\t\t\t<div class=\"elementor-container elementor-column-gap-default\">\n\t\t\t\t\t<div class=\"elementor-column elementor-col-100 elementor-top-column elementor-element elementor-element-3dfba36\" data-id=\"3dfba36\" data-element_type=\"column\" data-e-type=\"column\">\n\t\t\t<div class=\"elementor-widget-wrap elementor-element-populated\">\n\t\t\t\t\t\t<div class=\"elementor-element elementor-element-3787bfa elementor-widget elementor-widget-image\" data-id=\"3787bfa\" data-element_type=\"widget\" data-e-type=\"widget\" data-widget_type=\"image.default\">\n\t\t\t\t<div class=\"elementor-widget-container\">\n\t\t\t\t\t\t\t\t\t\t\t\t\t\t\t\t<a href=\"https:\/\/laundry-consultancy.com\/de\/waeschereien-koennen-oft-leicht-mehr-gewinn-machen\/\">\n\t\t\t\t\t\t\t<img decoding=\"async\" src=\"https:\/\/laundry-consultancy.com\/wp-content\/uploads\/elementor\/thumbs\/Schermafb.-DE-2-pm8ipan01i3310pz3xwbxq9fmoky76gic77zib719c.jpg\" title=\"Schermafb.-DE-2\" alt=\"Schermafb.-DE-2\" loading=\"lazy\" \/>\t\t\t\t\t\t\t\t<\/a>\n\t\t\t\t\t\t\t\t\t\t\t\t\t\t\t<\/div>\n\t\t\t\t<\/div>\n\t\t\t\t<div class=\"elementor-element elementor-element-9a5c5fe elementor-grid-2 elementor-grid-tablet-2 elementor-grid-mobile-1 elementor-posts--thumbnail-top elementor-card-shadow-yes elementor-posts__hover-gradient elementor-widget elementor-widget-posts\" data-id=\"9a5c5fe\" data-element_type=\"widget\" data-e-type=\"widget\" data-settings=\"{&quot;cards_columns&quot;:&quot;2&quot;,&quot;cards_columns_tablet&quot;:&quot;2&quot;,&quot;cards_columns_mobile&quot;:&quot;1&quot;,&quot;cards_row_gap&quot;:{&quot;unit&quot;:&quot;px&quot;,&quot;size&quot;:35,&quot;sizes&quot;:[]},&quot;cards_row_gap_tablet&quot;:{&quot;unit&quot;:&quot;px&quot;,&quot;size&quot;:&quot;&quot;,&quot;sizes&quot;:[]},&quot;cards_row_gap_mobile&quot;:{&quot;unit&quot;:&quot;px&quot;,&quot;size&quot;:&quot;&quot;,&quot;sizes&quot;:[]}}\" data-widget_type=\"posts.cards\">\n\t\t\t\t<div class=\"elementor-widget-container\">\n\t\t\t\t\t\t\t<div class=\"elementor-posts-container elementor-posts elementor-posts--skin-cards elementor-grid\" role=\"list\">\n\t\t\t\t<article class=\"elementor-post elementor-grid-item post-4519 post type-post status-publish format-standard hentry category-unkategorisiert\" role=\"listitem\">\n\t\t\t<div class=\"elementor-post__card\">\n\t\t\t\t<div class=\"elementor-post__text\">\n\t\t\t\t<h3 class=\"elementor-post__title\">\n\t\t\t<a href=\"https:\/\/laundry-consultancy.com\/de\/waeschereien-koennen-oft-leicht-mehr-gewinn-machen\/\" >\n\t\t\t\t\u2018&#8217;W\u00e4schereien k\u00f6nnen oft leicht mehr Gewinn machen&#8217;\u2019\t\t\t<\/a>\n\t\t<\/h3>\n\t\t\t\t<div class=\"elementor-post__excerpt\">\n\t\t\t<p>\u2018&#8217;W\u00e4schereien k\u00f6nnen oft leicht mehr Gewinn machen&#8217;\u2019 Interview mit Redmer Aarnink Eigent\u00fcmer von Aarnink Laundry Consultancy \u00a0Text | Nienke Ledegang Redmer Aarnink ist seit vielen<\/p>\n\t\t<\/div>\n\t\t\n\t\t<a class=\"elementor-post__read-more\" href=\"https:\/\/laundry-consultancy.com\/de\/waeschereien-koennen-oft-leicht-mehr-gewinn-machen\/\" aria-label=\"Mehr \u00fcber \u2018&#8217;W\u00e4schereien k\u00f6nnen oft leicht mehr Gewinn machen&#8217;\u2019\" tabindex=\"-1\" >\n\t\t\tLesen Sie Mehr\u00bb\t\t<\/a>\n\n\t\t\t\t<\/div>\n\t\t\t\t<div class=\"elementor-post__meta-data\">\n\t\t\t\t\t<span class=\"elementor-post-date\">\n\t\t\t18. M\u00e4rz 2022\t\t<\/span>\n\t\t\t\t<\/div>\n\t\t\t\t\t<\/div>\n\t\t<\/article>\n\t\t\t\t<\/div>\n\t\t\n\t\t\t\t\t\t<\/div>\n\t\t\t\t<\/div>\n\t\t\t\t\t<\/div>\n\t\t<\/div>\n\t\t\t\t\t<\/div>\n\t\t<\/section>\n\t\t\t\t<section class=\"elementor-section elementor-top-section elementor-element elementor-element-5dbfdf5 elementor-section-boxed elementor-section-height-default elementor-section-height-default\" data-id=\"5dbfdf5\" data-element_type=\"section\" data-e-type=\"section\">\n\t\t\t\t\t\t<div class=\"elementor-container elementor-column-gap-default\">\n\t\t\t\t\t<div class=\"elementor-column elementor-col-100 elementor-top-column elementor-element elementor-element-fe1a387\" data-id=\"fe1a387\" data-element_type=\"column\" data-e-type=\"column\">\n\t\t\t<div class=\"elementor-widget-wrap elementor-element-populated\">\n\t\t\t\t\t\t<div class=\"elementor-element elementor-element-f1dabae elementor-widget elementor-widget-text-editor\" data-id=\"f1dabae\" data-element_type=\"widget\" data-e-type=\"widget\" data-widget_type=\"text-editor.default\">\n\t\t\t\t<div class=\"elementor-widget-container\">\n\t\t\t\t\t\t\t\t\t<h1 style=\"text-align: center;\">Mehr Gewinn?<\/h1>\t\t\t\t\t\t\t\t<\/div>\n\t\t\t\t<\/div>\n\t\t\t\t\t<\/div>\n\t\t<\/div>\n\t\t\t\t\t<\/div>\n\t\t<\/section>\n\t\t\t\t<section class=\"elementor-section elementor-top-section elementor-element elementor-element-ddcc962 elementor-section-boxed elementor-section-height-default elementor-section-height-default\" data-id=\"ddcc962\" data-element_type=\"section\" data-e-type=\"section\">\n\t\t\t\t\t\t<div class=\"elementor-container elementor-column-gap-default\">\n\t\t\t\t\t<div class=\"elementor-column elementor-col-100 elementor-top-column elementor-element elementor-element-579a4dc\" data-id=\"579a4dc\" data-element_type=\"column\" data-e-type=\"column\">\n\t\t\t<div class=\"elementor-widget-wrap elementor-element-populated\">\n\t\t\t\t\t\t<div class=\"elementor-element elementor-element-d57d36a elementor-widget elementor-widget-text-editor\" data-id=\"d57d36a\" data-element_type=\"widget\" data-e-type=\"widget\" data-widget_type=\"text-editor.default\">\n\t\t\t\t<div class=\"elementor-widget-container\">\n\t\t\t\t\t\t\t\t\t<p style=\"text-align: center;\">Kontaktieren Sie uns f\u00fcr einen detaillierten Produktivit\u00e4tsscan Ihrer industriellen W\u00e4scherei. Aarnink Laundry Consultancy garantiert eine erhebliche Produktivit\u00e4tssteigerung. Sei es durch Schulungen, Umgestaltungen, Transport- oder Energieeinsparungen oder Optimierung der Logistik.<\/p>\t\t\t\t\t\t\t\t<\/div>\n\t\t\t\t<\/div>\n\t\t\t\t\t<\/div>\n\t\t<\/div>\n\t\t\t\t\t<\/div>\n\t\t<\/section>\n\t\t\t\t<section class=\"elementor-section elementor-top-section elementor-element elementor-element-70db1b0 elementor-section-boxed elementor-section-height-default elementor-section-height-default\" data-id=\"70db1b0\" data-element_type=\"section\" data-e-type=\"section\">\n\t\t\t\t\t\t<div class=\"elementor-container elementor-column-gap-default\">\n\t\t\t\t\t<div class=\"elementor-column elementor-col-50 elementor-top-column elementor-element elementor-element-ac57caf\" data-id=\"ac57caf\" data-element_type=\"column\" data-e-type=\"column\" data-settings=\"{&quot;background_background&quot;:&quot;classic&quot;}\">\n\t\t\t<div class=\"elementor-widget-wrap\">\n\t\t\t\t\t\t\t<\/div>\n\t\t<\/div>\n\t\t\t\t<div class=\"elementor-column elementor-col-50 elementor-top-column elementor-element elementor-element-a02e980\" data-id=\"a02e980\" data-element_type=\"column\" data-e-type=\"column\" data-settings=\"{&quot;background_background&quot;:&quot;classic&quot;}\">\n\t\t\t<div class=\"elementor-widget-wrap elementor-element-populated\">\n\t\t\t\t\t\t<div class=\"elementor-element elementor-element-6d9adbe elementor-widget elementor-widget-text-editor\" data-id=\"6d9adbe\" data-element_type=\"widget\" data-e-type=\"widget\" data-widget_type=\"text-editor.default\">\n\t\t\t\t<div class=\"elementor-widget-container\">\n\t\t\t\t\t\t\t\t\t<h2>Kontaktieren Sie uns per email<\/h2>\t\t\t\t\t\t\t\t<\/div>\n\t\t\t\t<\/div>\n\t\t\t\t<div class=\"elementor-element elementor-element-7f20e21 elementor-widget elementor-widget-shortcode\" data-id=\"7f20e21\" data-element_type=\"widget\" data-e-type=\"widget\" data-widget_type=\"shortcode.default\">\n\t\t\t\t<div class=\"elementor-widget-container\">\n\t\t\t\t\t\t\t<div class=\"elementor-shortcode\"><div class=\"wpforms-container wpforms-container-full\" id=\"wpforms-4615\"><form id=\"wpforms-form-4615\" class=\"wpforms-validate wpforms-form wpforms-ajax-form\" data-formid=\"4615\" method=\"post\" enctype=\"multipart\/form-data\" action=\"\/de\/wp-json\/wp\/v2\/pages\/4453\" data-token=\"232f2b52cc527639fe0863c541aaa26e\" data-token-time=\"1776947785\"><noscript class=\"wpforms-error-noscript\">Bitte aktiviere JavaScript in deinem Browser, um dieses Formular fertigzustellen.<\/noscript><div class=\"wpforms-field-container\"><div id=\"wpforms-4615-field_0-container\" class=\"wpforms-field wpforms-field-name\" data-field-id=\"0\"><label class=\"wpforms-field-label wpforms-label-hide\" for=\"wpforms-4615-field_0\">Name <span class=\"wpforms-required-label\">*<\/span><\/label><input type=\"text\" id=\"wpforms-4615-field_0\" class=\"wpforms-field-medium wpforms-field-required\" name=\"wpforms[fields][0]\" placeholder=\"Name*\" required><\/div><div id=\"wpforms-4615-field_1-container\" class=\"wpforms-field wpforms-field-email\" data-field-id=\"1\"><label class=\"wpforms-field-label wpforms-label-hide\" for=\"wpforms-4615-field_1\">E-Mail <span class=\"wpforms-required-label\">*<\/span><\/label><input type=\"email\" id=\"wpforms-4615-field_1\" class=\"wpforms-field-medium wpforms-field-required\" name=\"wpforms[fields][1]\" placeholder=\"E-Mail*\" spellcheck=\"false\" required><\/div><div id=\"wpforms-4615-field_3-container\" class=\"wpforms-field wpforms-field-number\" data-field-id=\"3\"><label class=\"wpforms-field-label wpforms-label-hide\" for=\"wpforms-4615-field_3\">Telefonnummer<\/label><input type=\"number\" id=\"wpforms-4615-field_3\" class=\"wpforms-field-medium\" name=\"wpforms[fields][3]\" placeholder=\"Telefonnummer\" step=\"any\" ><\/div><div id=\"wpforms-4615-field_2-container\" class=\"wpforms-field wpforms-field-textarea\" data-field-id=\"2\"><label class=\"wpforms-field-label wpforms-label-hide\" for=\"wpforms-4615-field_2\">Kommentar oder Nachricht <span class=\"wpforms-required-label\">*<\/span><\/label><textarea id=\"wpforms-4615-field_2\" class=\"wpforms-field-medium wpforms-field-required\" name=\"wpforms[fields][2]\" placeholder=\"Kommentar oder Nachricht*\" required><\/textarea><\/div><\/div><!-- .wpforms-field-container --><div class=\"wpforms-recaptcha-container wpforms-is-recaptcha wpforms-is-recaptcha-type-v3\" ><input type=\"hidden\" name=\"wpforms[recaptcha]\" value=\"\"><\/div><div class=\"wpforms-submit-container\" ><input type=\"hidden\" name=\"wpforms[id]\" value=\"4615\"><input type=\"hidden\" name=\"page_title\" value=\"\"><input type=\"hidden\" name=\"page_url\" value=\"https:\/\/laundry-consultancy.com\/de\/wp-json\/wp\/v2\/pages\/4453\"><input type=\"hidden\" name=\"url_referer\" value=\"\"><button type=\"submit\" name=\"wpforms[submit]\" id=\"wpforms-submit-4615\" class=\"wpforms-submit\" data-alt-text=\"Senden...\" data-submit-text=\"Senden\" aria-live=\"assertive\" value=\"wpforms-submit\">Senden<\/button><img decoding=\"async\" src=\"https:\/\/laundry-consultancy.com\/wp-content\/plugins\/wpforms-lite\/assets\/images\/submit-spin.svg\" class=\"wpforms-submit-spinner\" style=\"display: none;\" width=\"26\" height=\"26\" alt=\"Wird geladen\"><\/div><\/form><\/div>  <!-- .wpforms-container --><\/div>\n\t\t\t\t\t\t<\/div>\n\t\t\t\t<\/div>\n\t\t\t\t\t<\/div>\n\t\t<\/div>\n\t\t\t\t\t<\/div>\n\t\t<\/section>\n\t\t\t\t<\/div>\n\t\t","protected":false},"excerpt":{"rendered":"<p>Die neusten Nachrichten Die neusten Nachrichten articles Neuigkeiten aus der W\u00e4schereibranche Als Unternehmensberater f\u00fcr W\u00e4schereien ver\u00f6ffentliche ich h\u00e4ufig Artikel und Neuigkeiten, die f\u00fcr das Gesch\u00e4ft relevant sind. Lesen Sie hier meine neusten Artikel! Mehr Gewinn? Kontaktieren Sie uns f\u00fcr einen detaillierten Produktivit\u00e4tsscan Ihrer industriellen W\u00e4scherei. Aarnink Laundry Consultancy garantiert eine erhebliche Produktivit\u00e4tssteigerung. Sei es durch [&hellip;]<\/p>\n","protected":false},"author":1,"featured_media":0,"parent":0,"menu_order":3,"comment_status":"closed","ping_status":"closed","template":"","meta":{"footnotes":""},"class_list":["post-4453","page","type-page","status-publish","hentry"],"yoast_head":"<!-- This site is optimized with the Yoast SEO plugin v27.4 - https:\/\/yoast.com\/product\/yoast-seo-wordpress\/ -->\n<title>Neuigkeiten aus der W\u00e4schereibranche<\/title>\n<meta name=\"description\" content=\"Als Unternehmensberater f\u00fcr W\u00e4schereien ver\u00f6ffentliche ich h\u00e4ufig Artikel und Neuigkeiten, die f\u00fcr das Gesch\u00e4ft relevant sind. Lesen Sie hier meine neusten Artikel!\" \/>\n<meta name=\"robots\" content=\"index, follow, max-snippet:-1, max-image-preview:large, max-video-preview:-1\" \/>\n<link rel=\"canonical\" href=\"https:\/\/laundry-consultancy.com\/de\/waescherei-business-news\/\" \/>\n<meta property=\"og:locale\" content=\"de_DE\" \/>\n<meta property=\"og:type\" content=\"article\" \/>\n<meta property=\"og:title\" content=\"Neuigkeiten aus der W\u00e4schereibranche\" \/>\n<meta property=\"og:description\" content=\"Als Unternehmensberater f\u00fcr W\u00e4schereien ver\u00f6ffentliche ich h\u00e4ufig Artikel und Neuigkeiten, die f\u00fcr das Gesch\u00e4ft relevant sind. Lesen Sie hier meine neusten Artikel!\" \/>\n<meta property=\"og:url\" content=\"https:\/\/laundry-consultancy.com\/de\/waescherei-business-news\/\" \/>\n<meta property=\"og:site_name\" content=\"Aarnink Laundry Consultancy\" \/>\n<meta property=\"article:modified_time\" content=\"2022-03-22T10:19:24+00:00\" \/>\n<meta property=\"og:image\" content=\"https:\/\/laundry-consultancy.com\/wp-content\/uploads\/elementor\/thumbs\/Schermafb.-DE-2-pm8ipan01i3310pz3xwbxq9fmoky76gic77zib719c.jpg\" \/>\n<meta name=\"twitter:card\" content=\"summary_large_image\" \/>\n<script type=\"application\/ld+json\" class=\"yoast-schema-graph\">{\"@context\":\"https:\\\/\\\/schema.org\",\"@graph\":[{\"@type\":\"WebPage\",\"@id\":\"https:\\\/\\\/laundry-consultancy.com\\\/de\\\/waescherei-business-news\\\/\",\"url\":\"https:\\\/\\\/laundry-consultancy.com\\\/de\\\/waescherei-business-news\\\/\",\"name\":\"Neuigkeiten aus der W\u00e4schereibranche\",\"isPartOf\":{\"@id\":\"https:\\\/\\\/laundry-consultancy.com\\\/#website\"},\"primaryImageOfPage\":{\"@id\":\"https:\\\/\\\/laundry-consultancy.com\\\/de\\\/waescherei-business-news\\\/#primaryimage\"},\"image\":{\"@id\":\"https:\\\/\\\/laundry-consultancy.com\\\/de\\\/waescherei-business-news\\\/#primaryimage\"},\"thumbnailUrl\":\"https:\\\/\\\/laundry-consultancy.com\\\/wp-content\\\/uploads\\\/elementor\\\/thumbs\\\/Schermafb.-DE-2-pm8ipan01i3310pz3xwbxq9fmoky76gic77zib719c.jpg\",\"datePublished\":\"2022-03-05T15:14:56+00:00\",\"dateModified\":\"2022-03-22T10:19:24+00:00\",\"description\":\"Als Unternehmensberater f\u00fcr W\u00e4schereien ver\u00f6ffentliche ich h\u00e4ufig Artikel und Neuigkeiten, die f\u00fcr das Gesch\u00e4ft relevant sind. Lesen Sie hier meine neusten Artikel!\",\"breadcrumb\":{\"@id\":\"https:\\\/\\\/laundry-consultancy.com\\\/de\\\/waescherei-business-news\\\/#breadcrumb\"},\"inLanguage\":\"de\",\"potentialAction\":[{\"@type\":\"ReadAction\",\"target\":[\"https:\\\/\\\/laundry-consultancy.com\\\/de\\\/waescherei-business-news\\\/\"]}]},{\"@type\":\"ImageObject\",\"inLanguage\":\"de\",\"@id\":\"https:\\\/\\\/laundry-consultancy.com\\\/de\\\/waescherei-business-news\\\/#primaryimage\",\"url\":\"https:\\\/\\\/laundry-consultancy.com\\\/wp-content\\\/uploads\\\/elementor\\\/thumbs\\\/Schermafb.-DE-2-pm8ipan01i3310pz3xwbxq9fmoky76gic77zib719c.jpg\",\"contentUrl\":\"https:\\\/\\\/laundry-consultancy.com\\\/wp-content\\\/uploads\\\/elementor\\\/thumbs\\\/Schermafb.-DE-2-pm8ipan01i3310pz3xwbxq9fmoky76gic77zib719c.jpg\"},{\"@type\":\"BreadcrumbList\",\"@id\":\"https:\\\/\\\/laundry-consultancy.com\\\/de\\\/waescherei-business-news\\\/#breadcrumb\",\"itemListElement\":[{\"@type\":\"ListItem\",\"position\":1,\"name\":\"Home\",\"item\":\"https:\\\/\\\/laundry-consultancy.com\\\/de\\\/\"},{\"@type\":\"ListItem\",\"position\":2,\"name\":\"Neuigkeiten aus der W\u00e4schereibranche\"}]},{\"@type\":\"WebSite\",\"@id\":\"https:\\\/\\\/laundry-consultancy.com\\\/#website\",\"url\":\"https:\\\/\\\/laundry-consultancy.com\\\/\",\"name\":\"Aarnink Laundry Consultancy\",\"description\":\"Laundry Expert\",\"publisher\":{\"@id\":\"https:\\\/\\\/laundry-consultancy.com\\\/#organization\"},\"potentialAction\":[{\"@type\":\"SearchAction\",\"target\":{\"@type\":\"EntryPoint\",\"urlTemplate\":\"https:\\\/\\\/laundry-consultancy.com\\\/?s={search_term_string}\"},\"query-input\":{\"@type\":\"PropertyValueSpecification\",\"valueRequired\":true,\"valueName\":\"search_term_string\"}}],\"inLanguage\":\"de\"},{\"@type\":\"Organization\",\"@id\":\"https:\\\/\\\/laundry-consultancy.com\\\/#organization\",\"name\":\"Aarnink Laundry Consultancy\",\"url\":\"https:\\\/\\\/laundry-consultancy.com\\\/\",\"logo\":{\"@type\":\"ImageObject\",\"inLanguage\":\"de\",\"@id\":\"https:\\\/\\\/laundry-consultancy.com\\\/#\\\/schema\\\/logo\\\/image\\\/\",\"url\":\"https:\\\/\\\/laundry-consultancy.com\\\/wp-content\\\/uploads\\\/2021\\\/10\\\/logo_small.png\",\"contentUrl\":\"https:\\\/\\\/laundry-consultancy.com\\\/wp-content\\\/uploads\\\/2021\\\/10\\\/logo_small.png\",\"width\":500,\"height\":182,\"caption\":\"Aarnink Laundry Consultancy\"},\"image\":{\"@id\":\"https:\\\/\\\/laundry-consultancy.com\\\/#\\\/schema\\\/logo\\\/image\\\/\"}}]}<\/script>\n<!-- \/ Yoast SEO plugin. -->","yoast_head_json":{"title":"Neuigkeiten aus der W\u00e4schereibranche","description":"Als Unternehmensberater f\u00fcr W\u00e4schereien ver\u00f6ffentliche ich h\u00e4ufig Artikel und Neuigkeiten, die f\u00fcr das Gesch\u00e4ft relevant sind. Lesen Sie hier meine neusten Artikel!","robots":{"index":"index","follow":"follow","max-snippet":"max-snippet:-1","max-image-preview":"max-image-preview:large","max-video-preview":"max-video-preview:-1"},"canonical":"https:\/\/laundry-consultancy.com\/de\/waescherei-business-news\/","og_locale":"de_DE","og_type":"article","og_title":"Neuigkeiten aus der W\u00e4schereibranche","og_description":"Als Unternehmensberater f\u00fcr W\u00e4schereien ver\u00f6ffentliche ich h\u00e4ufig Artikel und Neuigkeiten, die f\u00fcr das Gesch\u00e4ft relevant sind. Lesen Sie hier meine neusten Artikel!","og_url":"https:\/\/laundry-consultancy.com\/de\/waescherei-business-news\/","og_site_name":"Aarnink Laundry Consultancy","article_modified_time":"2022-03-22T10:19:24+00:00","og_image":[{"url":"https:\/\/laundry-consultancy.com\/wp-content\/uploads\/elementor\/thumbs\/Schermafb.-DE-2-pm8ipan01i3310pz3xwbxq9fmoky76gic77zib719c.jpg","type":"","width":"","height":""}],"twitter_card":"summary_large_image","schema":{"@context":"https:\/\/schema.org","@graph":[{"@type":"WebPage","@id":"https:\/\/laundry-consultancy.com\/de\/waescherei-business-news\/","url":"https:\/\/laundry-consultancy.com\/de\/waescherei-business-news\/","name":"Neuigkeiten aus der W\u00e4schereibranche","isPartOf":{"@id":"https:\/\/laundry-consultancy.com\/#website"},"primaryImageOfPage":{"@id":"https:\/\/laundry-consultancy.com\/de\/waescherei-business-news\/#primaryimage"},"image":{"@id":"https:\/\/laundry-consultancy.com\/de\/waescherei-business-news\/#primaryimage"},"thumbnailUrl":"https:\/\/laundry-consultancy.com\/wp-content\/uploads\/elementor\/thumbs\/Schermafb.-DE-2-pm8ipan01i3310pz3xwbxq9fmoky76gic77zib719c.jpg","datePublished":"2022-03-05T15:14:56+00:00","dateModified":"2022-03-22T10:19:24+00:00","description":"Als Unternehmensberater f\u00fcr W\u00e4schereien ver\u00f6ffentliche ich h\u00e4ufig Artikel und Neuigkeiten, die f\u00fcr das Gesch\u00e4ft relevant sind. Lesen Sie hier meine neusten Artikel!","breadcrumb":{"@id":"https:\/\/laundry-consultancy.com\/de\/waescherei-business-news\/#breadcrumb"},"inLanguage":"de","potentialAction":[{"@type":"ReadAction","target":["https:\/\/laundry-consultancy.com\/de\/waescherei-business-news\/"]}]},{"@type":"ImageObject","inLanguage":"de","@id":"https:\/\/laundry-consultancy.com\/de\/waescherei-business-news\/#primaryimage","url":"https:\/\/laundry-consultancy.com\/wp-content\/uploads\/elementor\/thumbs\/Schermafb.-DE-2-pm8ipan01i3310pz3xwbxq9fmoky76gic77zib719c.jpg","contentUrl":"https:\/\/laundry-consultancy.com\/wp-content\/uploads\/elementor\/thumbs\/Schermafb.-DE-2-pm8ipan01i3310pz3xwbxq9fmoky76gic77zib719c.jpg"},{"@type":"BreadcrumbList","@id":"https:\/\/laundry-consultancy.com\/de\/waescherei-business-news\/#breadcrumb","itemListElement":[{"@type":"ListItem","position":1,"name":"Home","item":"https:\/\/laundry-consultancy.com\/de\/"},{"@type":"ListItem","position":2,"name":"Neuigkeiten aus der W\u00e4schereibranche"}]},{"@type":"WebSite","@id":"https:\/\/laundry-consultancy.com\/#website","url":"https:\/\/laundry-consultancy.com\/","name":"Aarnink Laundry Consultancy","description":"Laundry Expert","publisher":{"@id":"https:\/\/laundry-consultancy.com\/#organization"},"potentialAction":[{"@type":"SearchAction","target":{"@type":"EntryPoint","urlTemplate":"https:\/\/laundry-consultancy.com\/?s={search_term_string}"},"query-input":{"@type":"PropertyValueSpecification","valueRequired":true,"valueName":"search_term_string"}}],"inLanguage":"de"},{"@type":"Organization","@id":"https:\/\/laundry-consultancy.com\/#organization","name":"Aarnink Laundry Consultancy","url":"https:\/\/laundry-consultancy.com\/","logo":{"@type":"ImageObject","inLanguage":"de","@id":"https:\/\/laundry-consultancy.com\/#\/schema\/logo\/image\/","url":"https:\/\/laundry-consultancy.com\/wp-content\/uploads\/2021\/10\/logo_small.png","contentUrl":"https:\/\/laundry-consultancy.com\/wp-content\/uploads\/2021\/10\/logo_small.png","width":500,"height":182,"caption":"Aarnink Laundry Consultancy"},"image":{"@id":"https:\/\/laundry-consultancy.com\/#\/schema\/logo\/image\/"}}]}},"_links":{"self":[{"href":"https:\/\/laundry-consultancy.com\/de\/wp-json\/wp\/v2\/pages\/4453","targetHints":{"allow":["GET"]}}],"collection":[{"href":"https:\/\/laundry-consultancy.com\/de\/wp-json\/wp\/v2\/pages"}],"about":[{"href":"https:\/\/laundry-consultancy.com\/de\/wp-json\/wp\/v2\/types\/page"}],"author":[{"embeddable":true,"href":"https:\/\/laundry-consultancy.com\/de\/wp-json\/wp\/v2\/users\/1"}],"replies":[{"embeddable":true,"href":"https:\/\/laundry-consultancy.com\/de\/wp-json\/wp\/v2\/comments?post=4453"}],"version-history":[{"count":0,"href":"https:\/\/laundry-consultancy.com\/de\/wp-json\/wp\/v2\/pages\/4453\/revisions"}],"wp:attachment":[{"href":"https:\/\/laundry-consultancy.com\/de\/wp-json\/wp\/v2\/media?parent=4453"}],"curies":[{"name":"wp","href":"https:\/\/api.w.org\/{rel}","templated":true}]}}